{"id":1318,"date":"2014-11-27T22:23:11","date_gmt":"2014-11-27T21:23:11","guid":{"rendered":"http:\/\/ebm.si\/zw\/?page_id=1318"},"modified":"2016-06-30T14:34:26","modified_gmt":"2016-06-30T14:34:26","slug":"doniraj","status":"publish","type":"page","link":"https:\/\/ebm.si\/zw\/o\/doniraj\/","title":{"rendered":"Doniraj"},"content":{"rendered":"<p>Va\u0161e<strong> <a href=\"http:\/\/ebm.si\/o\/sl\/podpri-nas-main\">donacije nam omogo\u010dajo neodvisno delovanje in delo na &#8220;te\u010dnih&#8221;, a zato \u0161e bolj potrebnih temah<\/a> <\/strong>kot so npr. \u0161irjenje Zero Waste mre\u017ee ob\u010din, plasti\u010dne vre\u010dke, ukvarjanje z in\u0161pektorati, divjimi odlagali\u0161\u010di. Hvala za va\u0161o pomo\u010d!<\/p>\n<p><a href=\"http:\/\/ebm.si\/zw\/novice\/wp-content\/uploads\/sites\/5\/2014\/11\/vrecke.jpg\"><img loading=\"lazy\" decoding=\"async\" class=\"alignnone size-medium wp-image-1885\" src=\"http:\/\/ebm.si\/zw\/novice\/wp-content\/uploads\/sites\/5\/2014\/11\/vrecke-300x202.jpg\" alt=\"vrecke\" width=\"300\" height=\"202\" srcset=\"https:\/\/ebm.si\/zw\/wp-content\/uploads\/2014\/11\/vrecke-300x202.jpg 300w, https:\/\/ebm.si\/zw\/wp-content\/uploads\/2014\/11\/vrecke.jpg 633w\" sizes=\"(max-width: 300px) 100vw, 300px\" \/>\u00a0\u00a0 <\/a><a href=\"http:\/\/ebm.si\/zw\/novice\/wp-content\/uploads\/sites\/5\/2014\/11\/ocistimo-otroci.jpg\"><img loading=\"lazy\" decoding=\"async\" class=\"alignnone size-medium wp-image-1886\" src=\"http:\/\/ebm.si\/zw\/novice\/wp-content\/uploads\/sites\/5\/2014\/11\/ocistimo-otroci-300x208.jpg\" alt=\"ocistimo-otroci\" width=\"300\" height=\"208\" srcset=\"https:\/\/ebm.si\/zw\/wp-content\/uploads\/2014\/11\/ocistimo-otroci-300x208.jpg 300w, https:\/\/ebm.si\/zw\/wp-content\/uploads\/2014\/11\/ocistimo-otroci.jpg 640w\" sizes=\"(max-width: 300px) 100vw, 300px\" \/><\/a><\/p>\n<p>&nbsp;<\/p>\n","protected":false},"excerpt":{"rendered":"<p>Va\u0161e donacije nam omogo\u010dajo neodvisno delovanje in delo na &#8220;te\u010dnih&#8221;, a zato \u0161e bolj potrebnih temah kot so npr. \u0161irjenje Zero Waste mre\u017ee ob\u010din, plasti\u010dne vre\u010dke, ukvarjanje z in\u0161pektorati, divjimi odlagali\u0161\u010di. Hvala za va\u0161o pomo\u010d! \u00a0\u00a0 &nbsp;<\/p>\n","protected":false},"author":3,"featured_media":0,"parent":0,"menu_order":9,"comment_status":"closed","ping_status":"closed","template":"","meta":{"footnotes":""},"class_list":["post-1318","page","type-page","status-publish","hentry"],"yoast_head":"<!-- This site is optimized with the Yoast SEO plugin v23.1 - https:\/\/yoast.com\/wordpress\/plugins\/seo\/ -->\n<title>Doniraj - Zero Waste Slovenija<\/title>\n<meta name=\"robots\" content=\"index, follow, max-snippet:-1, max-image-preview:large, max-video-preview:-1\" \/>\n<link rel=\"canonical\" href=\"https:\/\/ebm.si\/zw\/o\/doniraj\/\" \/>\n<meta property=\"og:locale\" content=\"sl_SI\" \/>\n<meta property=\"og:type\" content=\"article\" \/>\n<meta property=\"og:title\" content=\"Doniraj - Zero Waste Slovenija\" \/>\n<meta property=\"og:description\" content=\"Va\u0161e donacije nam omogo\u010dajo neodvisno delovanje in delo na &#8220;te\u010dnih&#8221;, a zato \u0161e bolj potrebnih temah kot so npr. \u0161irjenje Zero Waste mre\u017ee ob\u010din, plasti\u010dne vre\u010dke, ukvarjanje z in\u0161pektorati, divjimi odlagali\u0161\u010di. Hvala za va\u0161o pomo\u010d! \u00a0\u00a0 &nbsp;\" \/>\n<meta property=\"og:url\" content=\"https:\/\/ebm.si\/zw\/o\/doniraj\/\" \/>\n<meta property=\"og:site_name\" content=\"Zero Waste Slovenija\" \/>\n<meta property=\"article:modified_time\" content=\"2016-06-30T14:34:26+00:00\" \/>\n<meta property=\"og:image\" content=\"http:\/\/ebm.si\/zw\/novice\/wp-content\/uploads\/sites\/5\/2014\/11\/vrecke-300x202.jpg\" \/>\n<meta name=\"twitter:card\" content=\"summary_large_image\" \/>\n<script type=\"application\/ld+json\" class=\"yoast-schema-graph\">{\"@context\":\"https:\/\/schema.org\",\"@graph\":[{\"@type\":\"WebPage\",\"@id\":\"https:\/\/ebm.si\/zw\/o\/doniraj\/\",\"url\":\"https:\/\/ebm.si\/zw\/o\/doniraj\/\",\"name\":\"Doniraj - Zero Waste Slovenija\",\"isPartOf\":{\"@id\":\"https:\/\/ebm.si\/zw\/o\/#website\"},\"primaryImageOfPage\":{\"@id\":\"https:\/\/ebm.si\/zw\/o\/doniraj\/#primaryimage\"},\"image\":{\"@id\":\"https:\/\/ebm.si\/zw\/o\/doniraj\/#primaryimage\"},\"thumbnailUrl\":\"http:\/\/ebm.si\/zw\/novice\/wp-content\/uploads\/sites\/5\/2014\/11\/vrecke-300x202.jpg\",\"datePublished\":\"2014-11-27T21:23:11+00:00\",\"dateModified\":\"2016-06-30T14:34:26+00:00\",\"breadcrumb\":{\"@id\":\"https:\/\/ebm.si\/zw\/o\/doniraj\/#breadcrumb\"},\"inLanguage\":\"sl-SI\",\"potentialAction\":[{\"@type\":\"ReadAction\",\"target\":[\"https:\/\/ebm.si\/zw\/o\/doniraj\/\"]}]},{\"@type\":\"ImageObject\",\"inLanguage\":\"sl-SI\",\"@id\":\"https:\/\/ebm.si\/zw\/o\/doniraj\/#primaryimage\",\"url\":\"http:\/\/ebm.si\/zw\/novice\/wp-content\/uploads\/sites\/5\/2014\/11\/vrecke-300x202.jpg\",\"contentUrl\":\"http:\/\/ebm.si\/zw\/novice\/wp-content\/uploads\/sites\/5\/2014\/11\/vrecke-300x202.jpg\"},{\"@type\":\"BreadcrumbList\",\"@id\":\"https:\/\/ebm.si\/zw\/o\/doniraj\/#breadcrumb\",\"itemListElement\":[{\"@type\":\"ListItem\",\"position\":1,\"name\":\"Home\",\"item\":\"https:\/\/ebm.si\/zw\/o\/\"},{\"@type\":\"ListItem\",\"position\":2,\"name\":\"Doniraj\"}]},{\"@type\":\"WebSite\",\"@id\":\"https:\/\/ebm.si\/zw\/o\/#website\",\"url\":\"https:\/\/ebm.si\/zw\/o\/\",\"name\":\"Zero Waste Slovenija\",\"description\":\"Ker verjamemo v svet brez odpadkov\",\"potentialAction\":[{\"@type\":\"SearchAction\",\"target\":{\"@type\":\"EntryPoint\",\"urlTemplate\":\"https:\/\/ebm.si\/zw\/o\/?s={search_term_string}\"},\"query-input\":\"required name=search_term_string\"}],\"inLanguage\":\"sl-SI\"}]}<\/script>\n<!-- \/ Yoast SEO plugin. -->","yoast_head_json":{"title":"Doniraj - Zero Waste Slovenija","robots":{"index":"index","follow":"follow","max-snippet":"max-snippet:-1","max-image-preview":"max-image-preview:large","max-video-preview":"max-video-preview:-1"},"canonical":"https:\/\/ebm.si\/zw\/o\/doniraj\/","og_locale":"sl_SI","og_type":"article","og_title":"Doniraj - Zero Waste Slovenija","og_description":"Va\u0161e donacije nam omogo\u010dajo neodvisno delovanje in delo na &#8220;te\u010dnih&#8221;, a zato \u0161e bolj potrebnih temah kot so npr. \u0161irjenje Zero Waste mre\u017ee ob\u010din, plasti\u010dne vre\u010dke, ukvarjanje z in\u0161pektorati, divjimi odlagali\u0161\u010di. Hvala za va\u0161o pomo\u010d! \u00a0\u00a0 &nbsp;","og_url":"https:\/\/ebm.si\/zw\/o\/doniraj\/","og_site_name":"Zero Waste Slovenija","article_modified_time":"2016-06-30T14:34:26+00:00","og_image":[{"url":"http:\/\/ebm.si\/zw\/novice\/wp-content\/uploads\/sites\/5\/2014\/11\/vrecke-300x202.jpg"}],"twitter_card":"summary_large_image","schema":{"@context":"https:\/\/schema.org","@graph":[{"@type":"WebPage","@id":"https:\/\/ebm.si\/zw\/o\/doniraj\/","url":"https:\/\/ebm.si\/zw\/o\/doniraj\/","name":"Doniraj - Zero Waste Slovenija","isPartOf":{"@id":"https:\/\/ebm.si\/zw\/o\/#website"},"primaryImageOfPage":{"@id":"https:\/\/ebm.si\/zw\/o\/doniraj\/#primaryimage"},"image":{"@id":"https:\/\/ebm.si\/zw\/o\/doniraj\/#primaryimage"},"thumbnailUrl":"http:\/\/ebm.si\/zw\/novice\/wp-content\/uploads\/sites\/5\/2014\/11\/vrecke-300x202.jpg","datePublished":"2014-11-27T21:23:11+00:00","dateModified":"2016-06-30T14:34:26+00:00","breadcrumb":{"@id":"https:\/\/ebm.si\/zw\/o\/doniraj\/#breadcrumb"},"inLanguage":"sl-SI","potentialAction":[{"@type":"ReadAction","target":["https:\/\/ebm.si\/zw\/o\/doniraj\/"]}]},{"@type":"ImageObject","inLanguage":"sl-SI","@id":"https:\/\/ebm.si\/zw\/o\/doniraj\/#primaryimage","url":"http:\/\/ebm.si\/zw\/novice\/wp-content\/uploads\/sites\/5\/2014\/11\/vrecke-300x202.jpg","contentUrl":"http:\/\/ebm.si\/zw\/novice\/wp-content\/uploads\/sites\/5\/2014\/11\/vrecke-300x202.jpg"},{"@type":"BreadcrumbList","@id":"https:\/\/ebm.si\/zw\/o\/doniraj\/#breadcrumb","itemListElement":[{"@type":"ListItem","position":1,"name":"Home","item":"https:\/\/ebm.si\/zw\/o\/"},{"@type":"ListItem","position":2,"name":"Doniraj"}]},{"@type":"WebSite","@id":"https:\/\/ebm.si\/zw\/o\/#website","url":"https:\/\/ebm.si\/zw\/o\/","name":"Zero Waste Slovenija","description":"Ker verjamemo v svet brez odpadkov","potentialAction":[{"@type":"SearchAction","target":{"@type":"EntryPoint","urlTemplate":"https:\/\/ebm.si\/zw\/o\/?s={search_term_string}"},"query-input":"required name=search_term_string"}],"inLanguage":"sl-SI"}]}},"_links":{"self":[{"href":"https:\/\/ebm.si\/zw\/o\/wp-json\/wp\/v2\/pages\/1318"}],"collection":[{"href":"https:\/\/ebm.si\/zw\/o\/wp-json\/wp\/v2\/pages"}],"about":[{"href":"https:\/\/ebm.si\/zw\/o\/wp-json\/wp\/v2\/types\/page"}],"author":[{"embeddable":true,"href":"https:\/\/ebm.si\/zw\/o\/wp-json\/wp\/v2\/users\/3"}],"replies":[{"embeddable":true,"href":"https:\/\/ebm.si\/zw\/o\/wp-json\/wp\/v2\/comments?post=1318"}],"version-history":[{"count":2,"href":"https:\/\/ebm.si\/zw\/o\/wp-json\/wp\/v2\/pages\/1318\/revisions"}],"predecessor-version":[{"id":2492,"href":"https:\/\/ebm.si\/zw\/o\/wp-json\/wp\/v2\/pages\/1318\/revisions\/2492"}],"wp:attachment":[{"href":"https:\/\/ebm.si\/zw\/o\/wp-json\/wp\/v2\/media?parent=1318"}],"curies":[{"name":"wp","href":"https:\/\/api.w.org\/{rel}","templated":true}]}}