{"id":4273,"date":"2021-11-02T15:13:43","date_gmt":"2021-11-02T13:13:43","guid":{"rendered":"https:\/\/ebm.si\/zw\/o\/?page_id=4273"},"modified":"2025-01-13T19:18:08","modified_gmt":"2025-01-13T17:18:08","slug":"koristne-vsebine","status":"publish","type":"page","link":"https:\/\/ebm.si\/zw\/o\/koristne-vsebine\/","title":{"rendered":"Koristne vsebine"},"content":{"rendered":"","protected":false},"excerpt":{"rendered":"","protected":false},"author":2,"featured_media":2601,"parent":0,"menu_order":0,"comment_status":"closed","ping_status":"closed","template":"","meta":{"footnotes":""},"class_list":["post-4273","page","type-page","status-publish","has-post-thumbnail","hentry"],"yoast_head":"<!-- This site is optimized with the Yoast SEO plugin v23.1 - https:\/\/yoast.com\/wordpress\/plugins\/seo\/ -->\n<title>Knji\u017enica koristnih vsebin za dru\u017ebo z manj odpadki | Zero waste Slovenija<\/title>\n<meta name=\"description\" content=\"Za navdih in pomo\u010d pri izvajanju na\u010drtov za prepre\u010devanje in zmanj\u0161evanje odpadkov v va\u0161i ob\u010dini z veseljem delimo dobre prakse - lokalne in tuje.\" \/>\n<meta name=\"robots\" content=\"index, follow, max-snippet:-1, max-image-preview:large, max-video-preview:-1\" \/>\n<link rel=\"canonical\" href=\"https:\/\/ebm.si\/zw\/o\/koristne-vsebine\/\" \/>\n<meta property=\"og:locale\" content=\"sl_SI\" \/>\n<meta property=\"og:type\" content=\"article\" \/>\n<meta property=\"og:title\" content=\"Knji\u017enica koristnih vsebin za dru\u017ebo z manj odpadki | Zero waste Slovenija\" \/>\n<meta property=\"og:description\" content=\"Za navdih in pomo\u010d pri izvajanju na\u010drtov za prepre\u010devanje in zmanj\u0161evanje odpadkov v va\u0161i ob\u010dini z veseljem delimo dobre prakse - lokalne in tuje.\" \/>\n<meta property=\"og:url\" content=\"https:\/\/ebm.si\/zw\/o\/koristne-vsebine\/\" \/>\n<meta property=\"og:site_name\" content=\"Zero Waste Slovenija\" \/>\n<meta property=\"article:modified_time\" content=\"2025-01-13T17:18:08+00:00\" \/>\n<meta property=\"og:image\" content=\"https:\/\/ebm.si\/zw\/wp-content\/uploads\/2016\/07\/Zero_Waste_header_5.jpg\" \/>\n\t<meta property=\"og:image:width\" content=\"1920\" \/>\n\t<meta property=\"og:image:height\" content=\"558\" \/>\n\t<meta property=\"og:image:type\" content=\"image\/jpeg\" \/>\n<meta name=\"twitter:card\" content=\"summary_large_image\" \/>\n<meta name=\"twitter:label1\" content=\"Est. reading time\" \/>\n\t<meta name=\"twitter:data1\" content=\"1 minute\" \/>\n<script type=\"application\/ld+json\" class=\"yoast-schema-graph\">{\"@context\":\"https:\/\/schema.org\",\"@graph\":[{\"@type\":\"WebPage\",\"@id\":\"https:\/\/ebm.si\/zw\/o\/koristne-vsebine\/\",\"url\":\"https:\/\/ebm.si\/zw\/o\/koristne-vsebine\/\",\"name\":\"Knji\u017enica koristnih vsebin za dru\u017ebo z manj odpadki | Zero waste Slovenija\",\"isPartOf\":{\"@id\":\"https:\/\/ebm.si\/zw\/o\/#website\"},\"primaryImageOfPage\":{\"@id\":\"https:\/\/ebm.si\/zw\/o\/koristne-vsebine\/#primaryimage\"},\"image\":{\"@id\":\"https:\/\/ebm.si\/zw\/o\/koristne-vsebine\/#primaryimage\"},\"thumbnailUrl\":\"https:\/\/ebm.si\/zw\/wp-content\/uploads\/2016\/07\/Zero_Waste_header_5.jpg\",\"datePublished\":\"2021-11-02T13:13:43+00:00\",\"dateModified\":\"2025-01-13T17:18:08+00:00\",\"description\":\"Za navdih in pomo\u010d pri izvajanju na\u010drtov za prepre\u010devanje in zmanj\u0161evanje odpadkov v va\u0161i ob\u010dini z veseljem delimo dobre prakse - lokalne in tuje.\",\"breadcrumb\":{\"@id\":\"https:\/\/ebm.si\/zw\/o\/koristne-vsebine\/#breadcrumb\"},\"inLanguage\":\"sl-SI\",\"potentialAction\":[{\"@type\":\"ReadAction\",\"target\":[\"https:\/\/ebm.si\/zw\/o\/koristne-vsebine\/\"]}]},{\"@type\":\"ImageObject\",\"inLanguage\":\"sl-SI\",\"@id\":\"https:\/\/ebm.si\/zw\/o\/koristne-vsebine\/#primaryimage\",\"url\":\"https:\/\/ebm.si\/zw\/wp-content\/uploads\/2016\/07\/Zero_Waste_header_5.jpg\",\"contentUrl\":\"https:\/\/ebm.si\/zw\/wp-content\/uploads\/2016\/07\/Zero_Waste_header_5.jpg\",\"width\":1920,\"height\":558},{\"@type\":\"BreadcrumbList\",\"@id\":\"https:\/\/ebm.si\/zw\/o\/koristne-vsebine\/#breadcrumb\",\"itemListElement\":[{\"@type\":\"ListItem\",\"position\":1,\"name\":\"Home\",\"item\":\"https:\/\/ebm.si\/zw\/o\/\"},{\"@type\":\"ListItem\",\"position\":2,\"name\":\"Koristne vsebine\"}]},{\"@type\":\"WebSite\",\"@id\":\"https:\/\/ebm.si\/zw\/o\/#website\",\"url\":\"https:\/\/ebm.si\/zw\/o\/\",\"name\":\"Zero Waste Slovenija\",\"description\":\"Ker verjamemo v svet brez odpadkov\",\"potentialAction\":[{\"@type\":\"SearchAction\",\"target\":{\"@type\":\"EntryPoint\",\"urlTemplate\":\"https:\/\/ebm.si\/zw\/o\/?s={search_term_string}\"},\"query-input\":\"required name=search_term_string\"}],\"inLanguage\":\"sl-SI\"}]}<\/script>\n<!-- \/ Yoast SEO plugin. -->","yoast_head_json":{"title":"Knji\u017enica koristnih vsebin za dru\u017ebo z manj odpadki | Zero waste Slovenija","description":"Za navdih in pomo\u010d pri izvajanju na\u010drtov za prepre\u010devanje in zmanj\u0161evanje odpadkov v va\u0161i ob\u010dini z veseljem delimo dobre prakse - lokalne in tuje.","robots":{"index":"index","follow":"follow","max-snippet":"max-snippet:-1","max-image-preview":"max-image-preview:large","max-video-preview":"max-video-preview:-1"},"canonical":"https:\/\/ebm.si\/zw\/o\/koristne-vsebine\/","og_locale":"sl_SI","og_type":"article","og_title":"Knji\u017enica koristnih vsebin za dru\u017ebo z manj odpadki | Zero waste Slovenija","og_description":"Za navdih in pomo\u010d pri izvajanju na\u010drtov za prepre\u010devanje in zmanj\u0161evanje odpadkov v va\u0161i ob\u010dini z veseljem delimo dobre prakse - lokalne in tuje.","og_url":"https:\/\/ebm.si\/zw\/o\/koristne-vsebine\/","og_site_name":"Zero Waste Slovenija","article_modified_time":"2025-01-13T17:18:08+00:00","og_image":[{"width":1920,"height":558,"url":"https:\/\/ebm.si\/zw\/wp-content\/uploads\/2016\/07\/Zero_Waste_header_5.jpg","type":"image\/jpeg"}],"twitter_card":"summary_large_image","twitter_misc":{"Est. reading time":"1 minute"},"schema":{"@context":"https:\/\/schema.org","@graph":[{"@type":"WebPage","@id":"https:\/\/ebm.si\/zw\/o\/koristne-vsebine\/","url":"https:\/\/ebm.si\/zw\/o\/koristne-vsebine\/","name":"Knji\u017enica koristnih vsebin za dru\u017ebo z manj odpadki | Zero waste Slovenija","isPartOf":{"@id":"https:\/\/ebm.si\/zw\/o\/#website"},"primaryImageOfPage":{"@id":"https:\/\/ebm.si\/zw\/o\/koristne-vsebine\/#primaryimage"},"image":{"@id":"https:\/\/ebm.si\/zw\/o\/koristne-vsebine\/#primaryimage"},"thumbnailUrl":"https:\/\/ebm.si\/zw\/wp-content\/uploads\/2016\/07\/Zero_Waste_header_5.jpg","datePublished":"2021-11-02T13:13:43+00:00","dateModified":"2025-01-13T17:18:08+00:00","description":"Za navdih in pomo\u010d pri izvajanju na\u010drtov za prepre\u010devanje in zmanj\u0161evanje odpadkov v va\u0161i ob\u010dini z veseljem delimo dobre prakse - lokalne in tuje.","breadcrumb":{"@id":"https:\/\/ebm.si\/zw\/o\/koristne-vsebine\/#breadcrumb"},"inLanguage":"sl-SI","potentialAction":[{"@type":"ReadAction","target":["https:\/\/ebm.si\/zw\/o\/koristne-vsebine\/"]}]},{"@type":"ImageObject","inLanguage":"sl-SI","@id":"https:\/\/ebm.si\/zw\/o\/koristne-vsebine\/#primaryimage","url":"https:\/\/ebm.si\/zw\/wp-content\/uploads\/2016\/07\/Zero_Waste_header_5.jpg","contentUrl":"https:\/\/ebm.si\/zw\/wp-content\/uploads\/2016\/07\/Zero_Waste_header_5.jpg","width":1920,"height":558},{"@type":"BreadcrumbList","@id":"https:\/\/ebm.si\/zw\/o\/koristne-vsebine\/#breadcrumb","itemListElement":[{"@type":"ListItem","position":1,"name":"Home","item":"https:\/\/ebm.si\/zw\/o\/"},{"@type":"ListItem","position":2,"name":"Koristne vsebine"}]},{"@type":"WebSite","@id":"https:\/\/ebm.si\/zw\/o\/#website","url":"https:\/\/ebm.si\/zw\/o\/","name":"Zero Waste Slovenija","description":"Ker verjamemo v svet brez odpadkov","potentialAction":[{"@type":"SearchAction","target":{"@type":"EntryPoint","urlTemplate":"https:\/\/ebm.si\/zw\/o\/?s={search_term_string}"},"query-input":"required name=search_term_string"}],"inLanguage":"sl-SI"}]}},"_links":{"self":[{"href":"https:\/\/ebm.si\/zw\/o\/wp-json\/wp\/v2\/pages\/4273"}],"collection":[{"href":"https:\/\/ebm.si\/zw\/o\/wp-json\/wp\/v2\/pages"}],"about":[{"href":"https:\/\/ebm.si\/zw\/o\/wp-json\/wp\/v2\/types\/page"}],"author":[{"embeddable":true,"href":"https:\/\/ebm.si\/zw\/o\/wp-json\/wp\/v2\/users\/2"}],"replies":[{"embeddable":true,"href":"https:\/\/ebm.si\/zw\/o\/wp-json\/wp\/v2\/comments?post=4273"}],"version-history":[{"count":10,"href":"https:\/\/ebm.si\/zw\/o\/wp-json\/wp\/v2\/pages\/4273\/revisions"}],"predecessor-version":[{"id":4973,"href":"https:\/\/ebm.si\/zw\/o\/wp-json\/wp\/v2\/pages\/4273\/revisions\/4973"}],"wp:featuredmedia":[{"embeddable":true,"href":"https:\/\/ebm.si\/zw\/o\/wp-json\/wp\/v2\/media\/2601"}],"wp:attachment":[{"href":"https:\/\/ebm.si\/zw\/o\/wp-json\/wp\/v2\/media?parent=4273"}],"curies":[{"name":"wp","href":"https:\/\/api.w.org\/{rel}","templated":true}]}}