{"id":1086,"date":"2014-09-18T18:49:44","date_gmt":"2014-09-18T18:49:44","guid":{"rendered":"http:\/\/ebm.si\/zw\/?page_id=1086"},"modified":"2026-04-15T09:47:58","modified_gmt":"2026-04-15T09:47:58","slug":"zw-obcine","status":"publish","type":"page","link":"https:\/\/ebm.si\/zw\/obcine\/","title":{"rendered":"ZW ob\u010dine v Sloveniji"},"content":{"rendered":"","protected":false},"excerpt":{"rendered":"","protected":false},"author":3,"featured_media":0,"parent":0,"menu_order":1,"comment_status":"closed","ping_status":"closed","template":"","meta":{"footnotes":""},"class_list":["post-1086","page","type-page","status-publish","hentry"],"yoast_head":"<!-- This site is optimized with the Yoast SEO plugin v23.1 - https:\/\/yoast.com\/wordpress\/plugins\/seo\/ -->\n<title>ZW ob\u010dine v Sloveniji - Zero Waste Ob\u010dine<\/title>\n<meta name=\"description\" content=\"Poro\u010dila, zaveze in podatki ob\u010din na poti do dru\u017ebe brez odpadkov. Program Ekologov brez meja ob\u010dine spodbuja k prepre\u010devanju nastajanja odpadkov.\" \/>\n<meta name=\"robots\" content=\"index, follow, max-snippet:-1, max-image-preview:large, max-video-preview:-1\" \/>\n<link rel=\"canonical\" href=\"https:\/\/ebm.si\/zw\/obcine\/\" \/>\n<meta property=\"og:locale\" content=\"sl_SI\" \/>\n<meta property=\"og:type\" content=\"article\" \/>\n<meta property=\"og:title\" content=\"ZW ob\u010dine v Sloveniji - Zero Waste Ob\u010dine\" \/>\n<meta property=\"og:description\" content=\"Poro\u010dila, zaveze in podatki ob\u010din na poti do dru\u017ebe brez odpadkov. Program Ekologov brez meja ob\u010dine spodbuja k prepre\u010devanju nastajanja odpadkov.\" \/>\n<meta property=\"og:url\" content=\"https:\/\/ebm.si\/zw\/obcine\/\" \/>\n<meta property=\"og:site_name\" content=\"Zero Waste Ob\u010dine\" \/>\n<meta property=\"article:modified_time\" content=\"2026-04-15T09:47:58+00:00\" \/>\n<meta name=\"twitter:card\" content=\"summary_large_image\" \/>\n<script type=\"application\/ld+json\" class=\"yoast-schema-graph\">{\"@context\":\"https:\/\/schema.org\",\"@graph\":[{\"@type\":\"WebPage\",\"@id\":\"https:\/\/ebm.si\/zw\/obcine\/\",\"url\":\"https:\/\/ebm.si\/zw\/obcine\/\",\"name\":\"ZW ob\u010dine v Sloveniji - Zero Waste Ob\u010dine\",\"isPartOf\":{\"@id\":\"https:\/\/ebm.si\/zw\/obcine\/#website\"},\"datePublished\":\"2014-09-18T18:49:44+00:00\",\"dateModified\":\"2026-04-15T09:47:58+00:00\",\"description\":\"Poro\u010dila, zaveze in podatki ob\u010din na poti do dru\u017ebe brez odpadkov. Program Ekologov brez meja ob\u010dine spodbuja k prepre\u010devanju nastajanja odpadkov.\",\"breadcrumb\":{\"@id\":\"https:\/\/ebm.si\/zw\/obcine\/#breadcrumb\"},\"inLanguage\":\"sl-SI\",\"potentialAction\":[{\"@type\":\"ReadAction\",\"target\":[\"https:\/\/ebm.si\/zw\/obcine\/\"]}]},{\"@type\":\"BreadcrumbList\",\"@id\":\"https:\/\/ebm.si\/zw\/obcine\/#breadcrumb\",\"itemListElement\":[{\"@type\":\"ListItem\",\"position\":1,\"name\":\"Home\",\"item\":\"https:\/\/ebm.si\/zw\/obcine\/\"},{\"@type\":\"ListItem\",\"position\":2,\"name\":\"ZW ob\u010dine v Sloveniji\"}]},{\"@type\":\"WebSite\",\"@id\":\"https:\/\/ebm.si\/zw\/obcine\/#website\",\"url\":\"https:\/\/ebm.si\/zw\/obcine\/\",\"name\":\"Zero Waste Ob\u010dine\",\"description\":\"\",\"potentialAction\":[{\"@type\":\"SearchAction\",\"target\":{\"@type\":\"EntryPoint\",\"urlTemplate\":\"https:\/\/ebm.si\/zw\/obcine\/?s={search_term_string}\"},\"query-input\":\"required name=search_term_string\"}],\"inLanguage\":\"sl-SI\"}]}<\/script>\n<!-- \/ Yoast SEO plugin. -->","yoast_head_json":{"title":"ZW ob\u010dine v Sloveniji - Zero Waste Ob\u010dine","description":"Poro\u010dila, zaveze in podatki ob\u010din na poti do dru\u017ebe brez odpadkov. Program Ekologov brez meja ob\u010dine spodbuja k prepre\u010devanju nastajanja odpadkov.","robots":{"index":"index","follow":"follow","max-snippet":"max-snippet:-1","max-image-preview":"max-image-preview:large","max-video-preview":"max-video-preview:-1"},"canonical":"https:\/\/ebm.si\/zw\/obcine\/","og_locale":"sl_SI","og_type":"article","og_title":"ZW ob\u010dine v Sloveniji - Zero Waste Ob\u010dine","og_description":"Poro\u010dila, zaveze in podatki ob\u010din na poti do dru\u017ebe brez odpadkov. Program Ekologov brez meja ob\u010dine spodbuja k prepre\u010devanju nastajanja odpadkov.","og_url":"https:\/\/ebm.si\/zw\/obcine\/","og_site_name":"Zero Waste Ob\u010dine","article_modified_time":"2026-04-15T09:47:58+00:00","twitter_card":"summary_large_image","schema":{"@context":"https:\/\/schema.org","@graph":[{"@type":"WebPage","@id":"https:\/\/ebm.si\/zw\/obcine\/","url":"https:\/\/ebm.si\/zw\/obcine\/","name":"ZW ob\u010dine v Sloveniji - Zero Waste Ob\u010dine","isPartOf":{"@id":"https:\/\/ebm.si\/zw\/obcine\/#website"},"datePublished":"2014-09-18T18:49:44+00:00","dateModified":"2026-04-15T09:47:58+00:00","description":"Poro\u010dila, zaveze in podatki ob\u010din na poti do dru\u017ebe brez odpadkov. Program Ekologov brez meja ob\u010dine spodbuja k prepre\u010devanju nastajanja odpadkov.","breadcrumb":{"@id":"https:\/\/ebm.si\/zw\/obcine\/#breadcrumb"},"inLanguage":"sl-SI","potentialAction":[{"@type":"ReadAction","target":["https:\/\/ebm.si\/zw\/obcine\/"]}]},{"@type":"BreadcrumbList","@id":"https:\/\/ebm.si\/zw\/obcine\/#breadcrumb","itemListElement":[{"@type":"ListItem","position":1,"name":"Home","item":"https:\/\/ebm.si\/zw\/obcine\/"},{"@type":"ListItem","position":2,"name":"ZW ob\u010dine v Sloveniji"}]},{"@type":"WebSite","@id":"https:\/\/ebm.si\/zw\/obcine\/#website","url":"https:\/\/ebm.si\/zw\/obcine\/","name":"Zero Waste Ob\u010dine","description":"","potentialAction":[{"@type":"SearchAction","target":{"@type":"EntryPoint","urlTemplate":"https:\/\/ebm.si\/zw\/obcine\/?s={search_term_string}"},"query-input":"required name=search_term_string"}],"inLanguage":"sl-SI"}]}},"_links":{"self":[{"href":"https:\/\/ebm.si\/zw\/obcine\/wp-json\/wp\/v2\/pages\/1086"}],"collection":[{"href":"https:\/\/ebm.si\/zw\/obcine\/wp-json\/wp\/v2\/pages"}],"about":[{"href":"https:\/\/ebm.si\/zw\/obcine\/wp-json\/wp\/v2\/types\/page"}],"author":[{"embeddable":true,"href":"https:\/\/ebm.si\/zw\/obcine\/wp-json\/wp\/v2\/users\/3"}],"replies":[{"embeddable":true,"href":"https:\/\/ebm.si\/zw\/obcine\/wp-json\/wp\/v2\/comments?post=1086"}],"version-history":[{"count":12,"href":"https:\/\/ebm.si\/zw\/obcine\/wp-json\/wp\/v2\/pages\/1086\/revisions"}],"predecessor-version":[{"id":2985,"href":"https:\/\/ebm.si\/zw\/obcine\/wp-json\/wp\/v2\/pages\/1086\/revisions\/2985"}],"wp:attachment":[{"href":"https:\/\/ebm.si\/zw\/obcine\/wp-json\/wp\/v2\/media?parent=1086"}],"curies":[{"name":"wp","href":"https:\/\/api.w.org\/{rel}","templated":true}]}}