{"id":2835,"date":"2020-01-12T22:56:14","date_gmt":"2020-01-12T22:56:14","guid":{"rendered":"https:\/\/ebm.si\/zw\/obcine\/?page_id=2835"},"modified":"2020-03-17T09:51:13","modified_gmt":"2020-03-17T09:51:13","slug":"kalkulator-prihrankov","status":"publish","type":"page","link":"https:\/\/ebm.si\/zw\/obcine\/kalkulator-prihrankov\/","title":{"rendered":"Kalkulator potencialnih prihrankov"},"content":{"rendered":"<p>Ob\u010dine lahko s prehodom na zero waste strategijo takoj za\u010dnejo zmanj\u0161evati stro\u0161ke ravnanja z odpadki.<\/p>\n<p>Da si lahko la\u017eje predstavljate koristi, ki jih sprejetje zero waste politik lahko prinese, smo razvili informativen spletni kalkulator, ki preko primerjave va\u0161ih podatkov s tistimi v podobno velikih ob\u010dinah z zero waste strategijo oceni, kak\u0161na je <strong>stro\u0161kovna razlika<\/strong> med obema na\u010dinoma ravnanja. Prav tako oceni potencialni prihranek pri <strong>izpustih toplogrednih plinov<\/strong>.<\/p>\n<p><strong>Izpolniti morate samo prvo stran<\/strong>, za rezultat, ki vam bo res po meri, pa vnesite \u0161e klju\u010dne podatke o trenutnem nastajanju odpadkov in ravnanju z njimi, vklju\u010dno s stro\u0161ki.<\/p>\n<p><iframe loading=\"lazy\" src=\"https:\/\/ebm.si\/p\/zwcities-calc\/zwc-kalkulator.html?color=a85742&amp;lang=sl\" width=\"620\" height=\"680\"><\/iframe><br \/>\nKalkulator je del splo\u0161nej\u0161ega <a href=\"https:\/\/ebm.si\/zw\/obcine\/zw-obcine\/10-orodij-za-obcine\/\">priro\u010dnika<\/a> za la\u017eji za\u010detek na\u010drtovanja poti do zero waste. Na voljo je tudi v sloven\u0161\u010dini.<\/p>\n","protected":false},"excerpt":{"rendered":"<p>Ob\u010dine lahko s prehodom na zero waste strategijo takoj za\u010dnejo zmanj\u0161evati stro\u0161ke ravnanja z odpadki. Da si lahko la\u017eje predstavljate koristi, ki jih sprejetje zero waste politik lahko prinese, smo razvili informativen spletni kalkulator, ki preko primerjave va\u0161ih podatkov s tistimi v podobno velikih ob\u010dinah z zero waste strategijo oceni, kak\u0161na je stro\u0161kovna razlika med&#8230; <\/p>\n<div class=\"clear\"><\/div>\n<p><a href=\"https:\/\/ebm.si\/zw\/obcine\/kalkulator-prihrankov\/\" class=\"excerpt-read-more\">Preberi ve\u010d<\/a><\/p>\n","protected":false},"author":1,"featured_media":0,"parent":0,"menu_order":0,"comment_status":"closed","ping_status":"closed","template":"","meta":{"footnotes":""},"class_list":["post-2835","page","type-page","status-publish","hentry"],"yoast_head":"<!-- This site is optimized with the Yoast SEO plugin v23.1 - https:\/\/yoast.com\/wordpress\/plugins\/seo\/ -->\n<title>Kalkulator potencialnih prihrankov - Zero Waste Ob\u010dine<\/title>\n<meta name=\"robots\" content=\"index, follow, max-snippet:-1, max-image-preview:large, max-video-preview:-1\" \/>\n<link rel=\"canonical\" href=\"https:\/\/ebm.si\/zw\/obcine\/kalkulator-prihrankov\/\" \/>\n<meta property=\"og:locale\" content=\"sl_SI\" \/>\n<meta property=\"og:type\" content=\"article\" \/>\n<meta property=\"og:title\" content=\"Kalkulator potencialnih prihrankov - Zero Waste Ob\u010dine\" \/>\n<meta property=\"og:description\" content=\"Ob\u010dine lahko s prehodom na zero waste strategijo takoj za\u010dnejo zmanj\u0161evati stro\u0161ke ravnanja z odpadki. Da si lahko la\u017eje predstavljate koristi, ki jih sprejetje zero waste politik lahko prinese, smo razvili informativen spletni kalkulator, ki preko primerjave va\u0161ih podatkov s tistimi v podobno velikih ob\u010dinah z zero waste strategijo oceni, kak\u0161na je stro\u0161kovna razlika med... Preberi ve\u010d\" \/>\n<meta property=\"og:url\" content=\"https:\/\/ebm.si\/zw\/obcine\/kalkulator-prihrankov\/\" \/>\n<meta property=\"og:site_name\" content=\"Zero Waste Ob\u010dine\" \/>\n<meta property=\"article:modified_time\" content=\"2020-03-17T09:51:13+00:00\" \/>\n<meta name=\"twitter:card\" content=\"summary_large_image\" \/>\n<meta name=\"twitter:label1\" content=\"Est. reading time\" \/>\n\t<meta name=\"twitter:data1\" content=\"1 minute\" \/>\n<script type=\"application\/ld+json\" class=\"yoast-schema-graph\">{\"@context\":\"https:\/\/schema.org\",\"@graph\":[{\"@type\":\"WebPage\",\"@id\":\"https:\/\/ebm.si\/zw\/obcine\/kalkulator-prihrankov\/\",\"url\":\"https:\/\/ebm.si\/zw\/obcine\/kalkulator-prihrankov\/\",\"name\":\"Kalkulator potencialnih prihrankov - Zero Waste Ob\u010dine\",\"isPartOf\":{\"@id\":\"https:\/\/ebm.si\/zw\/obcine\/#website\"},\"datePublished\":\"2020-01-12T22:56:14+00:00\",\"dateModified\":\"2020-03-17T09:51:13+00:00\",\"breadcrumb\":{\"@id\":\"https:\/\/ebm.si\/zw\/obcine\/kalkulator-prihrankov\/#breadcrumb\"},\"inLanguage\":\"sl-SI\",\"potentialAction\":[{\"@type\":\"ReadAction\",\"target\":[\"https:\/\/ebm.si\/zw\/obcine\/kalkulator-prihrankov\/\"]}]},{\"@type\":\"BreadcrumbList\",\"@id\":\"https:\/\/ebm.si\/zw\/obcine\/kalkulator-prihrankov\/#breadcrumb\",\"itemListElement\":[{\"@type\":\"ListItem\",\"position\":1,\"name\":\"Home\",\"item\":\"https:\/\/ebm.si\/zw\/obcine\/\"},{\"@type\":\"ListItem\",\"position\":2,\"name\":\"Kalkulator potencialnih prihrankov\"}]},{\"@type\":\"WebSite\",\"@id\":\"https:\/\/ebm.si\/zw\/obcine\/#website\",\"url\":\"https:\/\/ebm.si\/zw\/obcine\/\",\"name\":\"Zero Waste Ob\u010dine\",\"description\":\"\",\"potentialAction\":[{\"@type\":\"SearchAction\",\"target\":{\"@type\":\"EntryPoint\",\"urlTemplate\":\"https:\/\/ebm.si\/zw\/obcine\/?s={search_term_string}\"},\"query-input\":\"required name=search_term_string\"}],\"inLanguage\":\"sl-SI\"}]}<\/script>\n<!-- \/ Yoast SEO plugin. -->","yoast_head_json":{"title":"Kalkulator potencialnih prihrankov - Zero Waste Ob\u010dine","robots":{"index":"index","follow":"follow","max-snippet":"max-snippet:-1","max-image-preview":"max-image-preview:large","max-video-preview":"max-video-preview:-1"},"canonical":"https:\/\/ebm.si\/zw\/obcine\/kalkulator-prihrankov\/","og_locale":"sl_SI","og_type":"article","og_title":"Kalkulator potencialnih prihrankov - Zero Waste Ob\u010dine","og_description":"Ob\u010dine lahko s prehodom na zero waste strategijo takoj za\u010dnejo zmanj\u0161evati stro\u0161ke ravnanja z odpadki. Da si lahko la\u017eje predstavljate koristi, ki jih sprejetje zero waste politik lahko prinese, smo razvili informativen spletni kalkulator, ki preko primerjave va\u0161ih podatkov s tistimi v podobno velikih ob\u010dinah z zero waste strategijo oceni, kak\u0161na je stro\u0161kovna razlika med... Preberi ve\u010d","og_url":"https:\/\/ebm.si\/zw\/obcine\/kalkulator-prihrankov\/","og_site_name":"Zero Waste Ob\u010dine","article_modified_time":"2020-03-17T09:51:13+00:00","twitter_card":"summary_large_image","twitter_misc":{"Est. reading time":"1 minute"},"schema":{"@context":"https:\/\/schema.org","@graph":[{"@type":"WebPage","@id":"https:\/\/ebm.si\/zw\/obcine\/kalkulator-prihrankov\/","url":"https:\/\/ebm.si\/zw\/obcine\/kalkulator-prihrankov\/","name":"Kalkulator potencialnih prihrankov - Zero Waste Ob\u010dine","isPartOf":{"@id":"https:\/\/ebm.si\/zw\/obcine\/#website"},"datePublished":"2020-01-12T22:56:14+00:00","dateModified":"2020-03-17T09:51:13+00:00","breadcrumb":{"@id":"https:\/\/ebm.si\/zw\/obcine\/kalkulator-prihrankov\/#breadcrumb"},"inLanguage":"sl-SI","potentialAction":[{"@type":"ReadAction","target":["https:\/\/ebm.si\/zw\/obcine\/kalkulator-prihrankov\/"]}]},{"@type":"BreadcrumbList","@id":"https:\/\/ebm.si\/zw\/obcine\/kalkulator-prihrankov\/#breadcrumb","itemListElement":[{"@type":"ListItem","position":1,"name":"Home","item":"https:\/\/ebm.si\/zw\/obcine\/"},{"@type":"ListItem","position":2,"name":"Kalkulator potencialnih prihrankov"}]},{"@type":"WebSite","@id":"https:\/\/ebm.si\/zw\/obcine\/#website","url":"https:\/\/ebm.si\/zw\/obcine\/","name":"Zero Waste Ob\u010dine","description":"","potentialAction":[{"@type":"SearchAction","target":{"@type":"EntryPoint","urlTemplate":"https:\/\/ebm.si\/zw\/obcine\/?s={search_term_string}"},"query-input":"required name=search_term_string"}],"inLanguage":"sl-SI"}]}},"_links":{"self":[{"href":"https:\/\/ebm.si\/zw\/obcine\/wp-json\/wp\/v2\/pages\/2835"}],"collection":[{"href":"https:\/\/ebm.si\/zw\/obcine\/wp-json\/wp\/v2\/pages"}],"about":[{"href":"https:\/\/ebm.si\/zw\/obcine\/wp-json\/wp\/v2\/types\/page"}],"author":[{"embeddable":true,"href":"https:\/\/ebm.si\/zw\/obcine\/wp-json\/wp\/v2\/users\/1"}],"replies":[{"embeddable":true,"href":"https:\/\/ebm.si\/zw\/obcine\/wp-json\/wp\/v2\/comments?post=2835"}],"version-history":[{"count":10,"href":"https:\/\/ebm.si\/zw\/obcine\/wp-json\/wp\/v2\/pages\/2835\/revisions"}],"predecessor-version":[{"id":2861,"href":"https:\/\/ebm.si\/zw\/obcine\/wp-json\/wp\/v2\/pages\/2835\/revisions\/2861"}],"wp:attachment":[{"href":"https:\/\/ebm.si\/zw\/obcine\/wp-json\/wp\/v2\/media?parent=2835"}],"curies":[{"name":"wp","href":"https:\/\/api.w.org\/{rel}","templated":true}]}}