{"id":482,"date":"2013-12-12T21:39:24","date_gmt":"2013-12-12T20:39:24","guid":{"rendered":"http:\/\/ebm.si\/zw\/?page_id=482"},"modified":"2016-07-22T08:30:35","modified_gmt":"2016-07-22T08:30:35","slug":"obcine","status":"publish","type":"page","link":"https:\/\/ebm.si\/zw\/zakonodaja\/sistem-v-sloveniji\/obcine\/","title":{"rendered":"Ob\u010dine"},"content":{"rendered":"<p><a title=\"ZVO\" href=\"http:\/\/ebm.si\/zw\/zakonodaja\/zakonodaja-slo\/zvo\/\" target=\"_blank\">Zakon o varstvu okolja <\/a>dolo\u010da obvezne ob\u010dinske gospodarske javne slu\u017ebe varstva okolja, med katere sodijo tudi:<\/p>\n<ul>\n<li>zbiranje dolo\u010denih vrst komunalnih odpadkov,<\/li>\n<li>obdelava dolo\u010denih vrst komunalnih odpadkov,<\/li>\n<li>odlaganje ostankov predelave ali odstranjevanja komunalnih odpadkov.<\/li>\n<\/ul>\n<p>Objekti in naprave, potrebni za izvajanje javnih slu\u017eb so infrastruktura lokalnega pomena. Ob\u010dina lahko zagotovi izvajanje javnih slu\u017eb sama ali tako, da izbere izvajalca in mu podeli koncesijo. \u010ce tega ne zagotovi, potem to na njen ra\u010dun zagotovi vlada.<\/p>\n<p><img loading=\"lazy\" decoding=\"async\" class=\"alignnone size-full wp-image-499\" src=\"http:\/\/ebm.si\/zw\/zakonodaja\/wp-content\/uploads\/sites\/4\/2013\/12\/vrhnika.jpg\" alt=\"vrhnika\" width=\"320\" height=\"480\" srcset=\"https:\/\/ebm.si\/zw\/zakonodaja\/wp-content\/uploads\/sites\/4\/2013\/12\/vrhnika.jpg 320w, https:\/\/ebm.si\/zw\/zakonodaja\/wp-content\/uploads\/sites\/4\/2013\/12\/vrhnika-200x300.jpg 200w\" sizes=\"(max-width: 320px) 100vw, 320px\" \/><\/p>\n<p>Foto: <a href=\"http:\/\/www.vrhnika.si\/?m=news&amp;id=11052\" target=\"_blank\">www.vrhnika.si<\/a><\/p>\n<p>Ob\u010dina lahko z odlokom natan\u010dneje dolo\u010di na\u010din izvajanja storitev javne slu\u017ebe:<\/p>\n<ul>\n<li>vrsto in obseg storitev javne slu\u017ebe,<\/li>\n<li>pogoje za zagotavljanje in uporabo storitev javne slu\u017ebe,<\/li>\n<li>pravice in obveznosti uporabnikov storitev javne slu\u017ebe,<\/li>\n<li>financiranje javne slu\u017ebe,<\/li>\n<li>nadzor nad izvajanjem javne slu\u017ebe,<\/li>\n<li>kazenske in prehodne dolo\u010dbe.<\/li>\n<\/ul>\n<p>Vlada <a href=\"http:\/\/www.mko.gov.si\/si\/zakonodaja_in_dokumenti\/veljavni_predpisi\/okolje\/zakon_o_varstvu_okolja\/odpadki\/#c18061\" target=\"_blank\">podrobneje predpi\u0161e <\/a>tudi metodologijo za oblikovanje cen, oskrbovalne standarde in tehni\u010dne, vzdr\u017eevalne, organizacijske ter druge ukrepe in normative za opravljanje javnih slu\u017eb varstva okolja.<\/p>\n<p>Najmanj\u0161i obseg in vsebino ravnanja z lo\u010deno zbranimi frakcijami, ki morata biti zagotovljena v okviru opravljanja lokalne javne slu\u017ebe ravnanja s komunalnimi odpadki, dolo\u010da <a title=\"Lo\u010dene frakcije\" href=\"http:\/\/ebm.si\/zw\/zakonodaja\/zakonodaja-slo\/odpadki-splosno\/locene-frakcije\/\" target=\"_blank\">odredba<\/a>.<\/p>\n<p>&nbsp;<\/p>\n<p><a href=\"http:\/\/ebm.si\/zw\/zakonodaja\/wp-content\/uploads\/sites\/4\/2013\/12\/ebm-plan-b-ess.png\"><img loading=\"lazy\" decoding=\"async\" class=\"alignnone wp-image-708 size-large\" src=\"http:\/\/ebm.si\/zw\/zakonodaja\/wp-content\/uploads\/sites\/4\/2013\/12\/ebm-plan-b-ess-1024x238.png\" alt=\"ebm-plan b-ess\" width=\"960\" height=\"223\" srcset=\"https:\/\/ebm.si\/zw\/zakonodaja\/wp-content\/uploads\/sites\/4\/2013\/12\/ebm-plan-b-ess-1024x238.png 1024w, https:\/\/ebm.si\/zw\/zakonodaja\/wp-content\/uploads\/sites\/4\/2013\/12\/ebm-plan-b-ess-300x70.png 300w, https:\/\/ebm.si\/zw\/zakonodaja\/wp-content\/uploads\/sites\/4\/2013\/12\/ebm-plan-b-ess-768x178.png 768w\" sizes=\"(max-width: 960px) 100vw, 960px\" \/><\/a><\/p>\n","protected":false},"excerpt":{"rendered":"<p>Zakon o varstvu okolja dolo\u010da obvezne ob\u010dinske gospodarske javne slu\u017ebe varstva okolja, med katere sodijo tudi: zbiranje dolo\u010denih vrst komunalnih odpadkov, obdelava dolo\u010denih vrst komunalnih odpadkov, odlaganje ostankov predelave ali odstranjevanja komunalnih odpadkov. Objekti in naprave, potrebni za izvajanje javnih slu\u017eb so infrastruktura lokalnega pomena. Ob\u010dina lahko zagotovi izvajanje javnih slu\u017eb sama ali tako, da&#8230; <\/p>\n<div class=\"clear\"><\/div>\n<p><a href=\"https:\/\/ebm.si\/zw\/zakonodaja\/sistem-v-sloveniji\/obcine\/\" class=\"excerpt-read-more\">Preberi ve\u010d<\/a><\/p>\n","protected":false},"author":3,"featured_media":0,"parent":462,"menu_order":3,"comment_status":"closed","ping_status":"closed","template":"","meta":{"footnotes":""},"class_list":["post-482","page","type-page","status-publish","hentry"],"yoast_head":"<!-- This site is optimized with the Yoast SEO plugin v23.1 - https:\/\/yoast.com\/wordpress\/plugins\/seo\/ -->\n<title>Ob\u010dine - Zero Waste Zakonodaja<\/title>\n<meta name=\"robots\" content=\"index, follow, max-snippet:-1, max-image-preview:large, max-video-preview:-1\" \/>\n<link rel=\"canonical\" href=\"https:\/\/ebm.si\/zw\/zakonodaja\/sistem-v-sloveniji\/obcine\/\" \/>\n<meta property=\"og:locale\" content=\"sl_SI\" \/>\n<meta property=\"og:type\" content=\"article\" \/>\n<meta property=\"og:title\" content=\"Ob\u010dine - Zero Waste Zakonodaja\" \/>\n<meta property=\"og:description\" content=\"Zakon o varstvu okolja dolo\u010da obvezne ob\u010dinske gospodarske javne slu\u017ebe varstva okolja, med katere sodijo tudi: zbiranje dolo\u010denih vrst komunalnih odpadkov, obdelava dolo\u010denih vrst komunalnih odpadkov, odlaganje ostankov predelave ali odstranjevanja komunalnih odpadkov. Objekti in naprave, potrebni za izvajanje javnih slu\u017eb so infrastruktura lokalnega pomena. Ob\u010dina lahko zagotovi izvajanje javnih slu\u017eb sama ali tako, da... Preberi ve\u010d\" \/>\n<meta property=\"og:url\" content=\"https:\/\/ebm.si\/zw\/zakonodaja\/sistem-v-sloveniji\/obcine\/\" \/>\n<meta property=\"og:site_name\" content=\"Zero Waste Zakonodaja\" \/>\n<meta property=\"article:modified_time\" content=\"2016-07-22T08:30:35+00:00\" \/>\n<meta property=\"og:image\" content=\"http:\/\/ebm.si\/zw\/zakonodaja\/wp-content\/uploads\/sites\/4\/2013\/12\/vrhnika.jpg\" \/>\n<meta name=\"twitter:card\" content=\"summary_large_image\" \/>\n<meta name=\"twitter:label1\" content=\"Est. reading time\" \/>\n\t<meta name=\"twitter:data1\" content=\"1 minute\" \/>\n<script type=\"application\/ld+json\" class=\"yoast-schema-graph\">{\"@context\":\"https:\/\/schema.org\",\"@graph\":[{\"@type\":\"WebPage\",\"@id\":\"https:\/\/ebm.si\/zw\/zakonodaja\/sistem-v-sloveniji\/obcine\/\",\"url\":\"https:\/\/ebm.si\/zw\/zakonodaja\/sistem-v-sloveniji\/obcine\/\",\"name\":\"Ob\u010dine - Zero Waste Zakonodaja\",\"isPartOf\":{\"@id\":\"https:\/\/ebm.si\/zw\/zakonodaja\/#website\"},\"primaryImageOfPage\":{\"@id\":\"https:\/\/ebm.si\/zw\/zakonodaja\/sistem-v-sloveniji\/obcine\/#primaryimage\"},\"image\":{\"@id\":\"https:\/\/ebm.si\/zw\/zakonodaja\/sistem-v-sloveniji\/obcine\/#primaryimage\"},\"thumbnailUrl\":\"http:\/\/ebm.si\/zw\/zakonodaja\/wp-content\/uploads\/sites\/4\/2013\/12\/vrhnika.jpg\",\"datePublished\":\"2013-12-12T20:39:24+00:00\",\"dateModified\":\"2016-07-22T08:30:35+00:00\",\"breadcrumb\":{\"@id\":\"https:\/\/ebm.si\/zw\/zakonodaja\/sistem-v-sloveniji\/obcine\/#breadcrumb\"},\"inLanguage\":\"sl-SI\",\"potentialAction\":[{\"@type\":\"ReadAction\",\"target\":[\"https:\/\/ebm.si\/zw\/zakonodaja\/sistem-v-sloveniji\/obcine\/\"]}]},{\"@type\":\"ImageObject\",\"inLanguage\":\"sl-SI\",\"@id\":\"https:\/\/ebm.si\/zw\/zakonodaja\/sistem-v-sloveniji\/obcine\/#primaryimage\",\"url\":\"https:\/\/ebm.si\/zw\/zakonodaja\/wp-content\/uploads\/sites\/4\/2013\/12\/vrhnika.jpg\",\"contentUrl\":\"https:\/\/ebm.si\/zw\/zakonodaja\/wp-content\/uploads\/sites\/4\/2013\/12\/vrhnika.jpg\",\"width\":320,\"height\":480},{\"@type\":\"BreadcrumbList\",\"@id\":\"https:\/\/ebm.si\/zw\/zakonodaja\/sistem-v-sloveniji\/obcine\/#breadcrumb\",\"itemListElement\":[{\"@type\":\"ListItem\",\"position\":1,\"name\":\"Home\",\"item\":\"https:\/\/ebm.si\/zw\/zakonodaja\/\"},{\"@type\":\"ListItem\",\"position\":2,\"name\":\"Na\u0161 sistem\",\"item\":\"https:\/\/ebm.si\/zw\/zakonodaja\/sistem-v-sloveniji\/\"},{\"@type\":\"ListItem\",\"position\":3,\"name\":\"Ob\u010dine\"}]},{\"@type\":\"WebSite\",\"@id\":\"https:\/\/ebm.si\/zw\/zakonodaja\/#website\",\"url\":\"https:\/\/ebm.si\/zw\/zakonodaja\/\",\"name\":\"Zero Waste Zakonodaja\",\"description\":\"Just another Zero Waste Slovenija site\",\"potentialAction\":[{\"@type\":\"SearchAction\",\"target\":{\"@type\":\"EntryPoint\",\"urlTemplate\":\"https:\/\/ebm.si\/zw\/zakonodaja\/?s={search_term_string}\"},\"query-input\":\"required name=search_term_string\"}],\"inLanguage\":\"sl-SI\"}]}<\/script>\n<!-- \/ Yoast SEO plugin. -->","yoast_head_json":{"title":"Ob\u010dine - Zero Waste Zakonodaja","robots":{"index":"index","follow":"follow","max-snippet":"max-snippet:-1","max-image-preview":"max-image-preview:large","max-video-preview":"max-video-preview:-1"},"canonical":"https:\/\/ebm.si\/zw\/zakonodaja\/sistem-v-sloveniji\/obcine\/","og_locale":"sl_SI","og_type":"article","og_title":"Ob\u010dine - Zero Waste Zakonodaja","og_description":"Zakon o varstvu okolja dolo\u010da obvezne ob\u010dinske gospodarske javne slu\u017ebe varstva okolja, med katere sodijo tudi: zbiranje dolo\u010denih vrst komunalnih odpadkov, obdelava dolo\u010denih vrst komunalnih odpadkov, odlaganje ostankov predelave ali odstranjevanja komunalnih odpadkov. Objekti in naprave, potrebni za izvajanje javnih slu\u017eb so infrastruktura lokalnega pomena. Ob\u010dina lahko zagotovi izvajanje javnih slu\u017eb sama ali tako, da... Preberi ve\u010d","og_url":"https:\/\/ebm.si\/zw\/zakonodaja\/sistem-v-sloveniji\/obcine\/","og_site_name":"Zero Waste Zakonodaja","article_modified_time":"2016-07-22T08:30:35+00:00","og_image":[{"url":"http:\/\/ebm.si\/zw\/zakonodaja\/wp-content\/uploads\/sites\/4\/2013\/12\/vrhnika.jpg"}],"twitter_card":"summary_large_image","twitter_misc":{"Est. reading time":"1 minute"},"schema":{"@context":"https:\/\/schema.org","@graph":[{"@type":"WebPage","@id":"https:\/\/ebm.si\/zw\/zakonodaja\/sistem-v-sloveniji\/obcine\/","url":"https:\/\/ebm.si\/zw\/zakonodaja\/sistem-v-sloveniji\/obcine\/","name":"Ob\u010dine - Zero Waste Zakonodaja","isPartOf":{"@id":"https:\/\/ebm.si\/zw\/zakonodaja\/#website"},"primaryImageOfPage":{"@id":"https:\/\/ebm.si\/zw\/zakonodaja\/sistem-v-sloveniji\/obcine\/#primaryimage"},"image":{"@id":"https:\/\/ebm.si\/zw\/zakonodaja\/sistem-v-sloveniji\/obcine\/#primaryimage"},"thumbnailUrl":"http:\/\/ebm.si\/zw\/zakonodaja\/wp-content\/uploads\/sites\/4\/2013\/12\/vrhnika.jpg","datePublished":"2013-12-12T20:39:24+00:00","dateModified":"2016-07-22T08:30:35+00:00","breadcrumb":{"@id":"https:\/\/ebm.si\/zw\/zakonodaja\/sistem-v-sloveniji\/obcine\/#breadcrumb"},"inLanguage":"sl-SI","potentialAction":[{"@type":"ReadAction","target":["https:\/\/ebm.si\/zw\/zakonodaja\/sistem-v-sloveniji\/obcine\/"]}]},{"@type":"ImageObject","inLanguage":"sl-SI","@id":"https:\/\/ebm.si\/zw\/zakonodaja\/sistem-v-sloveniji\/obcine\/#primaryimage","url":"https:\/\/ebm.si\/zw\/zakonodaja\/wp-content\/uploads\/sites\/4\/2013\/12\/vrhnika.jpg","contentUrl":"https:\/\/ebm.si\/zw\/zakonodaja\/wp-content\/uploads\/sites\/4\/2013\/12\/vrhnika.jpg","width":320,"height":480},{"@type":"BreadcrumbList","@id":"https:\/\/ebm.si\/zw\/zakonodaja\/sistem-v-sloveniji\/obcine\/#breadcrumb","itemListElement":[{"@type":"ListItem","position":1,"name":"Home","item":"https:\/\/ebm.si\/zw\/zakonodaja\/"},{"@type":"ListItem","position":2,"name":"Na\u0161 sistem","item":"https:\/\/ebm.si\/zw\/zakonodaja\/sistem-v-sloveniji\/"},{"@type":"ListItem","position":3,"name":"Ob\u010dine"}]},{"@type":"WebSite","@id":"https:\/\/ebm.si\/zw\/zakonodaja\/#website","url":"https:\/\/ebm.si\/zw\/zakonodaja\/","name":"Zero Waste Zakonodaja","description":"Just another Zero Waste Slovenija site","potentialAction":[{"@type":"SearchAction","target":{"@type":"EntryPoint","urlTemplate":"https:\/\/ebm.si\/zw\/zakonodaja\/?s={search_term_string}"},"query-input":"required name=search_term_string"}],"inLanguage":"sl-SI"}]}},"_links":{"self":[{"href":"https:\/\/ebm.si\/zw\/zakonodaja\/wp-json\/wp\/v2\/pages\/482"}],"collection":[{"href":"https:\/\/ebm.si\/zw\/zakonodaja\/wp-json\/wp\/v2\/pages"}],"about":[{"href":"https:\/\/ebm.si\/zw\/zakonodaja\/wp-json\/wp\/v2\/types\/page"}],"author":[{"embeddable":true,"href":"https:\/\/ebm.si\/zw\/zakonodaja\/wp-json\/wp\/v2\/users\/3"}],"replies":[{"embeddable":true,"href":"https:\/\/ebm.si\/zw\/zakonodaja\/wp-json\/wp\/v2\/comments?post=482"}],"version-history":[{"count":8,"href":"https:\/\/ebm.si\/zw\/zakonodaja\/wp-json\/wp\/v2\/pages\/482\/revisions"}],"predecessor-version":[{"id":2730,"href":"https:\/\/ebm.si\/zw\/zakonodaja\/wp-json\/wp\/v2\/pages\/482\/revisions\/2730"}],"up":[{"embeddable":true,"href":"https:\/\/ebm.si\/zw\/zakonodaja\/wp-json\/wp\/v2\/pages\/462"}],"wp:attachment":[{"href":"https:\/\/ebm.si\/zw\/zakonodaja\/wp-json\/wp\/v2\/media?parent=482"}],"curies":[{"name":"wp","href":"https:\/\/api.w.org\/{rel}","templated":true}]}}