{"id":517,"date":"2013-12-14T15:02:01","date_gmt":"2013-12-14T14:02:01","guid":{"rendered":"http:\/\/ebm.si\/zw\/?page_id=517"},"modified":"2016-07-22T08:28:42","modified_gmt":"2016-07-22T08:28:42","slug":"podjetja","status":"publish","type":"page","link":"https:\/\/ebm.si\/zw\/zakonodaja\/sistem-v-sloveniji\/podjetja\/","title":{"rendered":"Podjetja"},"content":{"rendered":"<p>Podjetja so v ravnanje s komunalnimi odpadki vklju\u010dena preko na\u010dela <a title=\"Podalj\u0161ana odgovornost\" href=\"http:\/\/ebm.si\/zw\/zakonodaja-eu\/direktive-odgovornost-proizvajalca\/podaljsana-odgovornost-proizvajalca\/\" target=\"_blank\">podalj\u0161ane odgovornosti proizvajalca. <\/a>Osnovno vodilo na\u010dela je, da proizvajalci prevzamejo odgovornosti za ravnanje s svojimi izdelki in embala\u017eo, ko ti postanejo odpadek. Re\u0161evanje problema odpadkov se tako prenese v zasnovo izdelkov, ki jih je potrebno zasnovati tako, da:<\/p>\n<div>\n<div>\n<ul>\n<li>ne vsebujejo okolju in zdravju nevarnih materialov,<\/li>\n<li>vsebujejo \u010dimve\u010d recikliranih materialov,<\/li>\n<li>vsebujejo materiale, ki jih je preprosto razstaviti in reciklirati,<\/li>\n<li>omogo\u010dajo ponovno uporabo in dalj\u0161o \u017eivljenjsko dobo.<\/li>\n<\/ul>\n<\/div>\n<\/div>\n<p><a href=\"http:\/\/ebm.si\/zw\/zakonodaja\/wp-content\/uploads\/sites\/4\/2013\/12\/baterije.jpeg\"><img loading=\"lazy\" decoding=\"async\" class=\"alignnone wp-image-450 size-medium\" src=\"http:\/\/ebm.si\/zw\/zakonodaja\/wp-content\/uploads\/sites\/4\/2013\/12\/baterije-195x300.jpeg\" alt=\"baterije\" width=\"195\" height=\"300\" srcset=\"https:\/\/ebm.si\/zw\/zakonodaja\/wp-content\/uploads\/sites\/4\/2013\/12\/baterije-195x300.jpeg 195w, https:\/\/ebm.si\/zw\/zakonodaja\/wp-content\/uploads\/sites\/4\/2013\/12\/baterije.jpeg 456w\" sizes=\"(max-width: 195px) 100vw, 195px\" \/><\/a><\/p>\n<p>Na\u010delo se uporablja za dolo\u010dene odpadkovne tokove. V EU je uporaba na\u010dela tako obvezna pri ravnanju z:<\/p>\n<ul>\n<li><a title=\"Uredba OEEO\" href=\"http:\/\/ebm.si\/zw\/zakonodaja\/zakonodaja-slo\/odgovornost-proizvajalca\/oeeo\/uredba-oeeo\/\" target=\"_blank\">odpadno elektri\u010dno in elektronsko opremo<\/a>,<\/li>\n<li><a title=\"Uredba o baterijah\" href=\"http:\/\/ebm.si\/zw\/zakonodaja\/zakonodaja-slo\/odgovornost-proizvajalca\/baterije-in-akumulatorji\/uredba-o-baterijah\/\" target=\"_blank\">baterijami in akumulatorji<\/a>,<\/li>\n<li><a title=\"Uredba o vozilih\" href=\"http:\/\/ebm.si\/zw\/zakonodaja\/zakonodaja-slo\/odgovornost-proizvajalca\/uredba-o-vozilih\/\" target=\"_blank\">izrabljenimi vozili <\/a>ter<\/li>\n<li><a title=\"Uredba o embala\u017ei\" href=\"http:\/\/ebm.si\/zw\/zakonodaja\/zakonodaja-slo\/odgovornost-proizvajalca\/embalaza\/uredba-o-embalazi\/\" target=\"_blank\">odpadno embala\u017eo<\/a>.<\/li>\n<\/ul>\n<p>Za vse na\u0161tete odpadkovne tokove zakonodaja EU dolo\u010da cilje recikliranja in predelave ter roke za doseganje teh ciljev. Po izteku roka se dolo\u010dijo novi, praviloma vi\u0161ji cilji. Nabor ukrepov in spodbud za doseganje ciljev je zaenkrat ve\u010dinoma \u0161e prepu\u0161\u010den posameznim dr\u017eavam \u010dlanicam.<\/p>\n<p>V Sloveniji je po na\u010delu podalj\u0161ane odgovornosti proizvajalca urejeno \u0161e ravnanje z:<\/p>\n<ul>\n<li><a title=\"Uredba o gumah\" href=\"http:\/\/ebm.si\/zw\/zakonodaja\/zakonodaja-slo\/odgovornost-proizvajalca\/uredba-o-gumah\/\" target=\"_blank\">izrabljenimi gumami<\/a>,<\/li>\n<li><a title=\"Uredba o sve\u010dah\" href=\"http:\/\/ebm.si\/zw\/zakonodaja\/zakonodaja-slo\/odgovornost-proizvajalca\/uredba-o-svecah\/\" target=\"_blank\">odpadnimi nagrobnimi sve\u010dami<\/a> in<\/li>\n<li><a title=\"Uredba o zdravilih\" href=\"http:\/\/ebm.si\/zw\/zakonodaja\/zakonodaja-slo\/odgovornost-proizvajalca\/uredba-o-zdravilih\/\" target=\"_blank\">odpadnimi zdravili<\/a>.<\/li>\n<\/ul>\n<p>Za razliko od EU zakonodaje, pa <em>ciljev in rokov za te tri vrste odpadkovnih tokov nismo definirali<\/em>, s \u010dimer proizvajalcev ne zavezujemo k doseganju rezultatov, so pa zavezani k vzpostavitvi sistema lo\u010denega zbiranja in predelave ter njegovemu financiranju.<\/p>\n<p>Podjetja morajo biti vpisana v ustrezno evidenco proizvajalcev na ministrstvu, odgovornem za okolje in mu poro\u010dati o:<\/p>\n<ul>\n<li>koli\u010dinah embala\u017ee in izdelkov, ki jih v dolo\u010denem \u010dasovnem obdobju dajo na trg,<\/li>\n<li>koliko jih lo\u010deno zberejo ter<\/li>\n<li>koliko jih reciklirajo, predelajo ali odstranijo.<\/li>\n<\/ul>\n<p>Obveznosti po na\u010delu podalj\u0161ane odgovornosti proizvajalca lahko podjetja izpolnjujejo samostojno, ali pa se jih ve\u010d zdru\u017ei oziroma pristopi k skupinskemu izvajanju sistema v okviru <a title=\"Sheme\" href=\"http:\/\/ebm.si\/zw\/zakonodaja\/sistem-v-sloveniji\/sheme\/\" target=\"_blank\">shem<\/a>.<\/p>\n<p>&nbsp;<\/p>\n<p><a href=\"http:\/\/ebm.si\/zw\/zakonodaja\/wp-content\/uploads\/sites\/4\/2013\/12\/ebm-plan-b-ess.png\"><img loading=\"lazy\" decoding=\"async\" class=\"alignnone wp-image-708 size-large\" src=\"http:\/\/ebm.si\/zw\/zakonodaja\/wp-content\/uploads\/sites\/4\/2013\/12\/ebm-plan-b-ess-1024x238.png\" alt=\"ebm-plan b-ess\" width=\"960\" height=\"223\" srcset=\"https:\/\/ebm.si\/zw\/zakonodaja\/wp-content\/uploads\/sites\/4\/2013\/12\/ebm-plan-b-ess-1024x238.png 1024w, https:\/\/ebm.si\/zw\/zakonodaja\/wp-content\/uploads\/sites\/4\/2013\/12\/ebm-plan-b-ess-300x70.png 300w, https:\/\/ebm.si\/zw\/zakonodaja\/wp-content\/uploads\/sites\/4\/2013\/12\/ebm-plan-b-ess-768x178.png 768w\" sizes=\"(max-width: 960px) 100vw, 960px\" \/><\/a><\/p>\n","protected":false},"excerpt":{"rendered":"<p>Podjetja so v ravnanje s komunalnimi odpadki vklju\u010dena preko na\u010dela podalj\u0161ane odgovornosti proizvajalca. Osnovno vodilo na\u010dela je, da proizvajalci prevzamejo odgovornosti za ravnanje s svojimi izdelki in embala\u017eo, ko ti postanejo odpadek. Re\u0161evanje problema odpadkov se tako prenese v zasnovo izdelkov, ki jih je potrebno zasnovati tako, da: ne vsebujejo okolju in zdravju nevarnih materialov,&#8230; <\/p>\n<div class=\"clear\"><\/div>\n<p><a href=\"https:\/\/ebm.si\/zw\/zakonodaja\/sistem-v-sloveniji\/podjetja\/\" class=\"excerpt-read-more\">Preberi ve\u010d<\/a><\/p>\n","protected":false},"author":3,"featured_media":0,"parent":462,"menu_order":5,"comment_status":"closed","ping_status":"closed","template":"","meta":{"footnotes":""},"class_list":["post-517","page","type-page","status-publish","hentry"],"yoast_head":"<!-- This site is optimized with the Yoast SEO plugin v23.1 - https:\/\/yoast.com\/wordpress\/plugins\/seo\/ -->\n<title>Podjetja - Zero Waste Zakonodaja<\/title>\n<meta name=\"robots\" content=\"index, follow, max-snippet:-1, max-image-preview:large, max-video-preview:-1\" \/>\n<link rel=\"canonical\" href=\"https:\/\/ebm.si\/zw\/zakonodaja\/sistem-v-sloveniji\/podjetja\/\" \/>\n<meta property=\"og:locale\" content=\"sl_SI\" \/>\n<meta property=\"og:type\" content=\"article\" \/>\n<meta property=\"og:title\" content=\"Podjetja - Zero Waste Zakonodaja\" \/>\n<meta property=\"og:description\" content=\"Podjetja so v ravnanje s komunalnimi odpadki vklju\u010dena preko na\u010dela podalj\u0161ane odgovornosti proizvajalca. Osnovno vodilo na\u010dela je, da proizvajalci prevzamejo odgovornosti za ravnanje s svojimi izdelki in embala\u017eo, ko ti postanejo odpadek. Re\u0161evanje problema odpadkov se tako prenese v zasnovo izdelkov, ki jih je potrebno zasnovati tako, da: ne vsebujejo okolju in zdravju nevarnih materialov,... Preberi ve\u010d\" \/>\n<meta property=\"og:url\" content=\"https:\/\/ebm.si\/zw\/zakonodaja\/sistem-v-sloveniji\/podjetja\/\" \/>\n<meta property=\"og:site_name\" content=\"Zero Waste Zakonodaja\" \/>\n<meta property=\"article:modified_time\" content=\"2016-07-22T08:28:42+00:00\" \/>\n<meta property=\"og:image\" content=\"http:\/\/ebm.si\/zw\/zakonodaja\/wp-content\/uploads\/sites\/4\/2013\/12\/baterije-195x300.jpeg\" \/>\n<meta name=\"twitter:card\" content=\"summary_large_image\" \/>\n<meta name=\"twitter:label1\" content=\"Est. reading time\" \/>\n\t<meta name=\"twitter:data1\" content=\"2 minutes\" \/>\n<script type=\"application\/ld+json\" class=\"yoast-schema-graph\">{\"@context\":\"https:\/\/schema.org\",\"@graph\":[{\"@type\":\"WebPage\",\"@id\":\"https:\/\/ebm.si\/zw\/zakonodaja\/sistem-v-sloveniji\/podjetja\/\",\"url\":\"https:\/\/ebm.si\/zw\/zakonodaja\/sistem-v-sloveniji\/podjetja\/\",\"name\":\"Podjetja - Zero Waste Zakonodaja\",\"isPartOf\":{\"@id\":\"https:\/\/ebm.si\/zw\/zakonodaja\/#website\"},\"primaryImageOfPage\":{\"@id\":\"https:\/\/ebm.si\/zw\/zakonodaja\/sistem-v-sloveniji\/podjetja\/#primaryimage\"},\"image\":{\"@id\":\"https:\/\/ebm.si\/zw\/zakonodaja\/sistem-v-sloveniji\/podjetja\/#primaryimage\"},\"thumbnailUrl\":\"http:\/\/ebm.si\/zw\/zakonodaja\/wp-content\/uploads\/sites\/4\/2013\/12\/baterije-195x300.jpeg\",\"datePublished\":\"2013-12-14T14:02:01+00:00\",\"dateModified\":\"2016-07-22T08:28:42+00:00\",\"breadcrumb\":{\"@id\":\"https:\/\/ebm.si\/zw\/zakonodaja\/sistem-v-sloveniji\/podjetja\/#breadcrumb\"},\"inLanguage\":\"sl-SI\",\"potentialAction\":[{\"@type\":\"ReadAction\",\"target\":[\"https:\/\/ebm.si\/zw\/zakonodaja\/sistem-v-sloveniji\/podjetja\/\"]}]},{\"@type\":\"ImageObject\",\"inLanguage\":\"sl-SI\",\"@id\":\"https:\/\/ebm.si\/zw\/zakonodaja\/sistem-v-sloveniji\/podjetja\/#primaryimage\",\"url\":\"https:\/\/ebm.si\/zw\/zakonodaja\/wp-content\/uploads\/sites\/4\/2013\/12\/baterije.jpeg\",\"contentUrl\":\"https:\/\/ebm.si\/zw\/zakonodaja\/wp-content\/uploads\/sites\/4\/2013\/12\/baterije.jpeg\",\"width\":456,\"height\":700},{\"@type\":\"BreadcrumbList\",\"@id\":\"https:\/\/ebm.si\/zw\/zakonodaja\/sistem-v-sloveniji\/podjetja\/#breadcrumb\",\"itemListElement\":[{\"@type\":\"ListItem\",\"position\":1,\"name\":\"Home\",\"item\":\"https:\/\/ebm.si\/zw\/zakonodaja\/\"},{\"@type\":\"ListItem\",\"position\":2,\"name\":\"Na\u0161 sistem\",\"item\":\"https:\/\/ebm.si\/zw\/zakonodaja\/sistem-v-sloveniji\/\"},{\"@type\":\"ListItem\",\"position\":3,\"name\":\"Podjetja\"}]},{\"@type\":\"WebSite\",\"@id\":\"https:\/\/ebm.si\/zw\/zakonodaja\/#website\",\"url\":\"https:\/\/ebm.si\/zw\/zakonodaja\/\",\"name\":\"Zero Waste Zakonodaja\",\"description\":\"Just another Zero Waste Slovenija site\",\"potentialAction\":[{\"@type\":\"SearchAction\",\"target\":{\"@type\":\"EntryPoint\",\"urlTemplate\":\"https:\/\/ebm.si\/zw\/zakonodaja\/?s={search_term_string}\"},\"query-input\":\"required name=search_term_string\"}],\"inLanguage\":\"sl-SI\"}]}<\/script>\n<!-- \/ Yoast SEO plugin. -->","yoast_head_json":{"title":"Podjetja - Zero Waste Zakonodaja","robots":{"index":"index","follow":"follow","max-snippet":"max-snippet:-1","max-image-preview":"max-image-preview:large","max-video-preview":"max-video-preview:-1"},"canonical":"https:\/\/ebm.si\/zw\/zakonodaja\/sistem-v-sloveniji\/podjetja\/","og_locale":"sl_SI","og_type":"article","og_title":"Podjetja - Zero Waste Zakonodaja","og_description":"Podjetja so v ravnanje s komunalnimi odpadki vklju\u010dena preko na\u010dela podalj\u0161ane odgovornosti proizvajalca. Osnovno vodilo na\u010dela je, da proizvajalci prevzamejo odgovornosti za ravnanje s svojimi izdelki in embala\u017eo, ko ti postanejo odpadek. Re\u0161evanje problema odpadkov se tako prenese v zasnovo izdelkov, ki jih je potrebno zasnovati tako, da: ne vsebujejo okolju in zdravju nevarnih materialov,... Preberi ve\u010d","og_url":"https:\/\/ebm.si\/zw\/zakonodaja\/sistem-v-sloveniji\/podjetja\/","og_site_name":"Zero Waste Zakonodaja","article_modified_time":"2016-07-22T08:28:42+00:00","og_image":[{"url":"http:\/\/ebm.si\/zw\/zakonodaja\/wp-content\/uploads\/sites\/4\/2013\/12\/baterije-195x300.jpeg"}],"twitter_card":"summary_large_image","twitter_misc":{"Est. reading time":"2 minutes"},"schema":{"@context":"https:\/\/schema.org","@graph":[{"@type":"WebPage","@id":"https:\/\/ebm.si\/zw\/zakonodaja\/sistem-v-sloveniji\/podjetja\/","url":"https:\/\/ebm.si\/zw\/zakonodaja\/sistem-v-sloveniji\/podjetja\/","name":"Podjetja - Zero Waste Zakonodaja","isPartOf":{"@id":"https:\/\/ebm.si\/zw\/zakonodaja\/#website"},"primaryImageOfPage":{"@id":"https:\/\/ebm.si\/zw\/zakonodaja\/sistem-v-sloveniji\/podjetja\/#primaryimage"},"image":{"@id":"https:\/\/ebm.si\/zw\/zakonodaja\/sistem-v-sloveniji\/podjetja\/#primaryimage"},"thumbnailUrl":"http:\/\/ebm.si\/zw\/zakonodaja\/wp-content\/uploads\/sites\/4\/2013\/12\/baterije-195x300.jpeg","datePublished":"2013-12-14T14:02:01+00:00","dateModified":"2016-07-22T08:28:42+00:00","breadcrumb":{"@id":"https:\/\/ebm.si\/zw\/zakonodaja\/sistem-v-sloveniji\/podjetja\/#breadcrumb"},"inLanguage":"sl-SI","potentialAction":[{"@type":"ReadAction","target":["https:\/\/ebm.si\/zw\/zakonodaja\/sistem-v-sloveniji\/podjetja\/"]}]},{"@type":"ImageObject","inLanguage":"sl-SI","@id":"https:\/\/ebm.si\/zw\/zakonodaja\/sistem-v-sloveniji\/podjetja\/#primaryimage","url":"https:\/\/ebm.si\/zw\/zakonodaja\/wp-content\/uploads\/sites\/4\/2013\/12\/baterije.jpeg","contentUrl":"https:\/\/ebm.si\/zw\/zakonodaja\/wp-content\/uploads\/sites\/4\/2013\/12\/baterije.jpeg","width":456,"height":700},{"@type":"BreadcrumbList","@id":"https:\/\/ebm.si\/zw\/zakonodaja\/sistem-v-sloveniji\/podjetja\/#breadcrumb","itemListElement":[{"@type":"ListItem","position":1,"name":"Home","item":"https:\/\/ebm.si\/zw\/zakonodaja\/"},{"@type":"ListItem","position":2,"name":"Na\u0161 sistem","item":"https:\/\/ebm.si\/zw\/zakonodaja\/sistem-v-sloveniji\/"},{"@type":"ListItem","position":3,"name":"Podjetja"}]},{"@type":"WebSite","@id":"https:\/\/ebm.si\/zw\/zakonodaja\/#website","url":"https:\/\/ebm.si\/zw\/zakonodaja\/","name":"Zero Waste Zakonodaja","description":"Just another Zero Waste Slovenija site","potentialAction":[{"@type":"SearchAction","target":{"@type":"EntryPoint","urlTemplate":"https:\/\/ebm.si\/zw\/zakonodaja\/?s={search_term_string}"},"query-input":"required name=search_term_string"}],"inLanguage":"sl-SI"}]}},"_links":{"self":[{"href":"https:\/\/ebm.si\/zw\/zakonodaja\/wp-json\/wp\/v2\/pages\/517"}],"collection":[{"href":"https:\/\/ebm.si\/zw\/zakonodaja\/wp-json\/wp\/v2\/pages"}],"about":[{"href":"https:\/\/ebm.si\/zw\/zakonodaja\/wp-json\/wp\/v2\/types\/page"}],"author":[{"embeddable":true,"href":"https:\/\/ebm.si\/zw\/zakonodaja\/wp-json\/wp\/v2\/users\/3"}],"replies":[{"embeddable":true,"href":"https:\/\/ebm.si\/zw\/zakonodaja\/wp-json\/wp\/v2\/comments?post=517"}],"version-history":[{"count":7,"href":"https:\/\/ebm.si\/zw\/zakonodaja\/wp-json\/wp\/v2\/pages\/517\/revisions"}],"predecessor-version":[{"id":2729,"href":"https:\/\/ebm.si\/zw\/zakonodaja\/wp-json\/wp\/v2\/pages\/517\/revisions\/2729"}],"up":[{"embeddable":true,"href":"https:\/\/ebm.si\/zw\/zakonodaja\/wp-json\/wp\/v2\/pages\/462"}],"wp:attachment":[{"href":"https:\/\/ebm.si\/zw\/zakonodaja\/wp-json\/wp\/v2\/media?parent=517"}],"curies":[{"name":"wp","href":"https:\/\/api.w.org\/{rel}","templated":true}]}}