{"id":526,"date":"2013-12-14T15:20:32","date_gmt":"2013-12-14T14:20:32","guid":{"rendered":"http:\/\/ebm.si\/zw\/?page_id=526"},"modified":"2016-07-05T14:10:52","modified_gmt":"2016-07-05T14:10:52","slug":"sheme","status":"publish","type":"page","link":"https:\/\/ebm.si\/zw\/zakonodaja\/sistem-v-sloveniji\/sheme\/","title":{"rendered":"Sheme"},"content":{"rendered":"<p>Po na\u010delu <a title=\"Podalj\u0161ana odgovornost\" href=\"http:\/\/ebm.si\/zw\/zakonodaja\/zakonodaja-eu\/direktive-odgovornost-proizvajalca\/\">podalj\u0161ane odgovornosti proizvajalca <\/a>morajo <a title=\"Podjetja\" href=\"http:\/\/ebm.si\/zw\/zakonodaja\/sistem-v-sloveniji\/podjetja\/\" target=\"_blank\">podjetja <\/a>organizirati in financirati lo\u010deno zbiranje, ponovno uporabo, predelavo in odstranjevanje odpadnih izdelkov in embala\u017ee za <a title=\"Podjetja\" href=\"http:\/\/ebm.si\/zw\/zakonodaja\/sistem-v-sloveniji\/podjetja\/\" target=\"_blank\">dolo\u010dene odpadkovne tokove<\/a>.<\/p>\n<p><img loading=\"lazy\" decoding=\"async\" class=\"alignnone wp-image-457 size-full\" src=\"http:\/\/ebm.si\/zw\/zakonodaja\/wp-content\/uploads\/sites\/4\/2013\/12\/odpadna-zdravila.jpg\" alt=\"odpadna zdravila\" width=\"640\" height=\"449\" srcset=\"https:\/\/ebm.si\/zw\/zakonodaja\/wp-content\/uploads\/sites\/4\/2013\/12\/odpadna-zdravila.jpg 640w, https:\/\/ebm.si\/zw\/zakonodaja\/wp-content\/uploads\/sites\/4\/2013\/12\/odpadna-zdravila-300x210.jpg 300w\" sizes=\"(max-width: 640px) 100vw, 640px\" \/><br \/>\n<em>Foto: <a href=\"http:\/\/www.lekarna-psr.si\/?stran=novica&amp;id=103\" target=\"_blank\">www.lekarna-psr.si<\/a><\/em><\/p>\n<p>Izpoljevanje teh obveznosti lahko zagotavljajo samostojno ali ustanovijo oziroma se pridru\u017eijo \u017ee obstoje\u010di shemi. Shema je torej<em> gospodarska dru\u017eba<\/em>, ki mora biti registrirana za ravnanje z odpadki in pridobiti okoljevarstveno dovoljenje. Za to, da ta lahko zagotovi izpolnjevanje obveznosti, mora podjetje v shemi za vsako embala\u017eo ali izdelek, ki ga da na trg, pla\u010dati dolo\u010deno <em>embala\u017enino<\/em>. \u00a0Njena vi\u0161ina naj bi bila odvisna tudi od uporabljenega materiala v izdelku ali embala\u017ei in te\u017eavnosti njenega recikliranja oziroma predelave. Sheme so zavezane prevzeti lo\u010deno zbrane izdelke in embala\u017eo od distributerjev in izvajalcev javnih komunalnih slu\u017eb ter zagotoviti njihovo ponovno uporabo, recikliranje, predelavo in odstranjevanje. Izdelke, embala\u017eo in materiale lahko proda na trgu sekundarnih surovin.<\/p>\n<p>V Sloveniji sheme ve\u010dinoma delujejo tako, da ima <a title=\"Vsak od nas\" href=\"http:\/\/ebm.si\/zw\/zakonodaja\/sistem-v-sloveniji\/vsak-od-nas\/\" target=\"_blank\">kon\u010dni uprabnik <\/a>pravico brezpla\u010dno oddati izdelek distributerju ali javni komunalni slu\u017ebi &#8211; odvisno od vrste odpadka. Vendar pa je podalj\u0161ana odgovornost proizvajalca v nacionalni pravni red prene\u0161ena le deloma, saj <i>so javna komunalna podjetja<\/i> zavezana tako zbrane izdelke in embala\u017eo iz gospodinjstev <i>brezpla\u010dno prepu\u0161\u010dati shemam<\/i>. To pomeni, da lo\u010deno zbiranje teh vrst odpadkov v Sloveniji \u0161e vedno financirajo gospodinjstva.<\/p>\n<p>&nbsp;<\/p>\n<p><a href=\"http:\/\/ebm.si\/zw\/zakonodaja\/wp-content\/uploads\/sites\/4\/2013\/12\/ebm-plan-b-ess.png\"><img loading=\"lazy\" decoding=\"async\" class=\"alignnone wp-image-708 size-large\" src=\"http:\/\/ebm.si\/zw\/zakonodaja\/wp-content\/uploads\/sites\/4\/2013\/12\/ebm-plan-b-ess-1024x238.png\" alt=\"ebm-plan b-ess\" width=\"960\" height=\"223\" srcset=\"https:\/\/ebm.si\/zw\/zakonodaja\/wp-content\/uploads\/sites\/4\/2013\/12\/ebm-plan-b-ess-1024x238.png 1024w, https:\/\/ebm.si\/zw\/zakonodaja\/wp-content\/uploads\/sites\/4\/2013\/12\/ebm-plan-b-ess-300x70.png 300w, https:\/\/ebm.si\/zw\/zakonodaja\/wp-content\/uploads\/sites\/4\/2013\/12\/ebm-plan-b-ess-768x178.png 768w\" sizes=\"(max-width: 960px) 100vw, 960px\" \/><\/a><\/p>\n","protected":false},"excerpt":{"rendered":"<p>Po na\u010delu podalj\u0161ane odgovornosti proizvajalca morajo podjetja organizirati in financirati lo\u010deno zbiranje, ponovno uporabo, predelavo in odstranjevanje odpadnih izdelkov in embala\u017ee za dolo\u010dene odpadkovne tokove. Foto: www.lekarna-psr.si Izpoljevanje teh obveznosti lahko zagotavljajo samostojno ali ustanovijo oziroma se pridru\u017eijo \u017ee obstoje\u010di shemi. Shema je torej gospodarska dru\u017eba, ki mora biti registrirana za ravnanje z odpadki in&#8230; <\/p>\n<div class=\"clear\"><\/div>\n<p><a href=\"https:\/\/ebm.si\/zw\/zakonodaja\/sistem-v-sloveniji\/sheme\/\" class=\"excerpt-read-more\">Preberi ve\u010d<\/a><\/p>\n","protected":false},"author":3,"featured_media":0,"parent":462,"menu_order":6,"comment_status":"closed","ping_status":"closed","template":"","meta":{"footnotes":""},"class_list":["post-526","page","type-page","status-publish","hentry"],"yoast_head":"<!-- This site is optimized with the Yoast SEO plugin v23.1 - https:\/\/yoast.com\/wordpress\/plugins\/seo\/ -->\n<title>Sheme - Zero Waste Zakonodaja<\/title>\n<meta name=\"robots\" content=\"index, follow, max-snippet:-1, max-image-preview:large, max-video-preview:-1\" \/>\n<link rel=\"canonical\" href=\"https:\/\/ebm.si\/zw\/zakonodaja\/sistem-v-sloveniji\/sheme\/\" \/>\n<meta property=\"og:locale\" content=\"sl_SI\" \/>\n<meta property=\"og:type\" content=\"article\" \/>\n<meta property=\"og:title\" content=\"Sheme - Zero Waste Zakonodaja\" \/>\n<meta property=\"og:description\" content=\"Po na\u010delu podalj\u0161ane odgovornosti proizvajalca morajo podjetja organizirati in financirati lo\u010deno zbiranje, ponovno uporabo, predelavo in odstranjevanje odpadnih izdelkov in embala\u017ee za dolo\u010dene odpadkovne tokove. Foto: www.lekarna-psr.si Izpoljevanje teh obveznosti lahko zagotavljajo samostojno ali ustanovijo oziroma se pridru\u017eijo \u017ee obstoje\u010di shemi. Shema je torej gospodarska dru\u017eba, ki mora biti registrirana za ravnanje z odpadki in... Preberi ve\u010d\" \/>\n<meta property=\"og:url\" content=\"https:\/\/ebm.si\/zw\/zakonodaja\/sistem-v-sloveniji\/sheme\/\" \/>\n<meta property=\"og:site_name\" content=\"Zero Waste Zakonodaja\" \/>\n<meta property=\"article:modified_time\" content=\"2016-07-05T14:10:52+00:00\" \/>\n<meta property=\"og:image\" content=\"http:\/\/ebm.si\/zw\/zakonodaja\/wp-content\/uploads\/sites\/4\/2013\/12\/odpadna-zdravila.jpg\" \/>\n<meta name=\"twitter:card\" content=\"summary_large_image\" \/>\n<meta name=\"twitter:label1\" content=\"Est. reading time\" \/>\n\t<meta name=\"twitter:data1\" content=\"1 minute\" \/>\n<script type=\"application\/ld+json\" class=\"yoast-schema-graph\">{\"@context\":\"https:\/\/schema.org\",\"@graph\":[{\"@type\":\"WebPage\",\"@id\":\"https:\/\/ebm.si\/zw\/zakonodaja\/sistem-v-sloveniji\/sheme\/\",\"url\":\"https:\/\/ebm.si\/zw\/zakonodaja\/sistem-v-sloveniji\/sheme\/\",\"name\":\"Sheme - Zero Waste Zakonodaja\",\"isPartOf\":{\"@id\":\"https:\/\/ebm.si\/zw\/zakonodaja\/#website\"},\"primaryImageOfPage\":{\"@id\":\"https:\/\/ebm.si\/zw\/zakonodaja\/sistem-v-sloveniji\/sheme\/#primaryimage\"},\"image\":{\"@id\":\"https:\/\/ebm.si\/zw\/zakonodaja\/sistem-v-sloveniji\/sheme\/#primaryimage\"},\"thumbnailUrl\":\"http:\/\/ebm.si\/zw\/zakonodaja\/wp-content\/uploads\/sites\/4\/2013\/12\/odpadna-zdravila.jpg\",\"datePublished\":\"2013-12-14T14:20:32+00:00\",\"dateModified\":\"2016-07-05T14:10:52+00:00\",\"breadcrumb\":{\"@id\":\"https:\/\/ebm.si\/zw\/zakonodaja\/sistem-v-sloveniji\/sheme\/#breadcrumb\"},\"inLanguage\":\"sl-SI\",\"potentialAction\":[{\"@type\":\"ReadAction\",\"target\":[\"https:\/\/ebm.si\/zw\/zakonodaja\/sistem-v-sloveniji\/sheme\/\"]}]},{\"@type\":\"ImageObject\",\"inLanguage\":\"sl-SI\",\"@id\":\"https:\/\/ebm.si\/zw\/zakonodaja\/sistem-v-sloveniji\/sheme\/#primaryimage\",\"url\":\"https:\/\/ebm.si\/zw\/zakonodaja\/wp-content\/uploads\/sites\/4\/2013\/12\/odpadna-zdravila.jpg\",\"contentUrl\":\"https:\/\/ebm.si\/zw\/zakonodaja\/wp-content\/uploads\/sites\/4\/2013\/12\/odpadna-zdravila.jpg\",\"width\":640,\"height\":449},{\"@type\":\"BreadcrumbList\",\"@id\":\"https:\/\/ebm.si\/zw\/zakonodaja\/sistem-v-sloveniji\/sheme\/#breadcrumb\",\"itemListElement\":[{\"@type\":\"ListItem\",\"position\":1,\"name\":\"Home\",\"item\":\"https:\/\/ebm.si\/zw\/zakonodaja\/\"},{\"@type\":\"ListItem\",\"position\":2,\"name\":\"Na\u0161 sistem\",\"item\":\"https:\/\/ebm.si\/zw\/zakonodaja\/sistem-v-sloveniji\/\"},{\"@type\":\"ListItem\",\"position\":3,\"name\":\"Sheme\"}]},{\"@type\":\"WebSite\",\"@id\":\"https:\/\/ebm.si\/zw\/zakonodaja\/#website\",\"url\":\"https:\/\/ebm.si\/zw\/zakonodaja\/\",\"name\":\"Zero Waste Zakonodaja\",\"description\":\"Just another Zero Waste Slovenija site\",\"potentialAction\":[{\"@type\":\"SearchAction\",\"target\":{\"@type\":\"EntryPoint\",\"urlTemplate\":\"https:\/\/ebm.si\/zw\/zakonodaja\/?s={search_term_string}\"},\"query-input\":\"required name=search_term_string\"}],\"inLanguage\":\"sl-SI\"}]}<\/script>\n<!-- \/ Yoast SEO plugin. -->","yoast_head_json":{"title":"Sheme - Zero Waste Zakonodaja","robots":{"index":"index","follow":"follow","max-snippet":"max-snippet:-1","max-image-preview":"max-image-preview:large","max-video-preview":"max-video-preview:-1"},"canonical":"https:\/\/ebm.si\/zw\/zakonodaja\/sistem-v-sloveniji\/sheme\/","og_locale":"sl_SI","og_type":"article","og_title":"Sheme - Zero Waste Zakonodaja","og_description":"Po na\u010delu podalj\u0161ane odgovornosti proizvajalca morajo podjetja organizirati in financirati lo\u010deno zbiranje, ponovno uporabo, predelavo in odstranjevanje odpadnih izdelkov in embala\u017ee za dolo\u010dene odpadkovne tokove. Foto: www.lekarna-psr.si Izpoljevanje teh obveznosti lahko zagotavljajo samostojno ali ustanovijo oziroma se pridru\u017eijo \u017ee obstoje\u010di shemi. Shema je torej gospodarska dru\u017eba, ki mora biti registrirana za ravnanje z odpadki in... Preberi ve\u010d","og_url":"https:\/\/ebm.si\/zw\/zakonodaja\/sistem-v-sloveniji\/sheme\/","og_site_name":"Zero Waste Zakonodaja","article_modified_time":"2016-07-05T14:10:52+00:00","og_image":[{"url":"http:\/\/ebm.si\/zw\/zakonodaja\/wp-content\/uploads\/sites\/4\/2013\/12\/odpadna-zdravila.jpg"}],"twitter_card":"summary_large_image","twitter_misc":{"Est. reading time":"1 minute"},"schema":{"@context":"https:\/\/schema.org","@graph":[{"@type":"WebPage","@id":"https:\/\/ebm.si\/zw\/zakonodaja\/sistem-v-sloveniji\/sheme\/","url":"https:\/\/ebm.si\/zw\/zakonodaja\/sistem-v-sloveniji\/sheme\/","name":"Sheme - Zero Waste Zakonodaja","isPartOf":{"@id":"https:\/\/ebm.si\/zw\/zakonodaja\/#website"},"primaryImageOfPage":{"@id":"https:\/\/ebm.si\/zw\/zakonodaja\/sistem-v-sloveniji\/sheme\/#primaryimage"},"image":{"@id":"https:\/\/ebm.si\/zw\/zakonodaja\/sistem-v-sloveniji\/sheme\/#primaryimage"},"thumbnailUrl":"http:\/\/ebm.si\/zw\/zakonodaja\/wp-content\/uploads\/sites\/4\/2013\/12\/odpadna-zdravila.jpg","datePublished":"2013-12-14T14:20:32+00:00","dateModified":"2016-07-05T14:10:52+00:00","breadcrumb":{"@id":"https:\/\/ebm.si\/zw\/zakonodaja\/sistem-v-sloveniji\/sheme\/#breadcrumb"},"inLanguage":"sl-SI","potentialAction":[{"@type":"ReadAction","target":["https:\/\/ebm.si\/zw\/zakonodaja\/sistem-v-sloveniji\/sheme\/"]}]},{"@type":"ImageObject","inLanguage":"sl-SI","@id":"https:\/\/ebm.si\/zw\/zakonodaja\/sistem-v-sloveniji\/sheme\/#primaryimage","url":"https:\/\/ebm.si\/zw\/zakonodaja\/wp-content\/uploads\/sites\/4\/2013\/12\/odpadna-zdravila.jpg","contentUrl":"https:\/\/ebm.si\/zw\/zakonodaja\/wp-content\/uploads\/sites\/4\/2013\/12\/odpadna-zdravila.jpg","width":640,"height":449},{"@type":"BreadcrumbList","@id":"https:\/\/ebm.si\/zw\/zakonodaja\/sistem-v-sloveniji\/sheme\/#breadcrumb","itemListElement":[{"@type":"ListItem","position":1,"name":"Home","item":"https:\/\/ebm.si\/zw\/zakonodaja\/"},{"@type":"ListItem","position":2,"name":"Na\u0161 sistem","item":"https:\/\/ebm.si\/zw\/zakonodaja\/sistem-v-sloveniji\/"},{"@type":"ListItem","position":3,"name":"Sheme"}]},{"@type":"WebSite","@id":"https:\/\/ebm.si\/zw\/zakonodaja\/#website","url":"https:\/\/ebm.si\/zw\/zakonodaja\/","name":"Zero Waste Zakonodaja","description":"Just another Zero Waste Slovenija site","potentialAction":[{"@type":"SearchAction","target":{"@type":"EntryPoint","urlTemplate":"https:\/\/ebm.si\/zw\/zakonodaja\/?s={search_term_string}"},"query-input":"required name=search_term_string"}],"inLanguage":"sl-SI"}]}},"_links":{"self":[{"href":"https:\/\/ebm.si\/zw\/zakonodaja\/wp-json\/wp\/v2\/pages\/526"}],"collection":[{"href":"https:\/\/ebm.si\/zw\/zakonodaja\/wp-json\/wp\/v2\/pages"}],"about":[{"href":"https:\/\/ebm.si\/zw\/zakonodaja\/wp-json\/wp\/v2\/types\/page"}],"author":[{"embeddable":true,"href":"https:\/\/ebm.si\/zw\/zakonodaja\/wp-json\/wp\/v2\/users\/3"}],"replies":[{"embeddable":true,"href":"https:\/\/ebm.si\/zw\/zakonodaja\/wp-json\/wp\/v2\/comments?post=526"}],"version-history":[{"count":8,"href":"https:\/\/ebm.si\/zw\/zakonodaja\/wp-json\/wp\/v2\/pages\/526\/revisions"}],"predecessor-version":[{"id":2665,"href":"https:\/\/ebm.si\/zw\/zakonodaja\/wp-json\/wp\/v2\/pages\/526\/revisions\/2665"}],"up":[{"embeddable":true,"href":"https:\/\/ebm.si\/zw\/zakonodaja\/wp-json\/wp\/v2\/pages\/462"}],"wp:attachment":[{"href":"https:\/\/ebm.si\/zw\/zakonodaja\/wp-json\/wp\/v2\/media?parent=526"}],"curies":[{"name":"wp","href":"https:\/\/api.w.org\/{rel}","templated":true}]}}