{"id":542,"date":"2013-12-14T17:20:15","date_gmt":"2013-12-14T16:20:15","guid":{"rendered":"http:\/\/ebm.si\/zw\/?page_id=542"},"modified":"2016-07-02T07:19:35","modified_gmt":"2016-07-02T07:19:35","slug":"nadzor","status":"publish","type":"page","link":"https:\/\/ebm.si\/zw\/zakonodaja\/sistem-v-sloveniji\/nadzor\/","title":{"rendered":"Nadzor"},"content":{"rendered":"<p>Nadzor nad izvajanjem zakonodaje na podro\u010dju ravnanja z odpadki izvaja ve\u010dinoma in\u0161pektorat za okolje, v nekaterih primerih tudi tr\u017eni in\u0161pektorat, pri odpadnih zdravilih pa farmacevtski nadzorniki organa, pristojnega za zdravila ali uradni veterinarji.<\/p>\n<p>Pristojnost ob\u010dinskih in medob\u010dinskih in\u0161pektorjev na podro\u010dju varstva okolja je nezakonito odlaganje odpadkov. Kot upravni organ lahko odredijo odstranitev tako odlo\u017eenih odpadkov, nimajo pa zakonske podlage za izrekanje sankcij za prekr\u0161ke na tem podro\u010dju.<\/p>\n<p>&nbsp;<\/p>\n<p><a href=\"http:\/\/ebm.si\/zw\/zakonodaja\/wp-content\/uploads\/sites\/4\/2013\/12\/ebm-plan-b-ess.png\"><img loading=\"lazy\" decoding=\"async\" class=\"alignnone wp-image-708 size-large\" src=\"http:\/\/ebm.si\/zw\/zakonodaja\/wp-content\/uploads\/sites\/4\/2013\/12\/ebm-plan-b-ess-1024x238.png\" alt=\"ebm-plan b-ess\" width=\"960\" height=\"223\" srcset=\"https:\/\/ebm.si\/zw\/zakonodaja\/wp-content\/uploads\/sites\/4\/2013\/12\/ebm-plan-b-ess-1024x238.png 1024w, https:\/\/ebm.si\/zw\/zakonodaja\/wp-content\/uploads\/sites\/4\/2013\/12\/ebm-plan-b-ess-300x70.png 300w, https:\/\/ebm.si\/zw\/zakonodaja\/wp-content\/uploads\/sites\/4\/2013\/12\/ebm-plan-b-ess-768x178.png 768w\" sizes=\"(max-width: 960px) 100vw, 960px\" \/><\/a><\/p>\n","protected":false},"excerpt":{"rendered":"<p>Nadzor nad izvajanjem zakonodaje na podro\u010dju ravnanja z odpadki izvaja ve\u010dinoma in\u0161pektorat za okolje, v nekaterih primerih tudi tr\u017eni in\u0161pektorat, pri odpadnih zdravilih pa farmacevtski nadzorniki organa, pristojnega za zdravila ali uradni veterinarji. Pristojnost ob\u010dinskih in medob\u010dinskih in\u0161pektorjev na podro\u010dju varstva okolja je nezakonito odlaganje odpadkov. Kot upravni organ lahko odredijo odstranitev tako odlo\u017eenih odpadkov,&#8230; <\/p>\n<div class=\"clear\"><\/div>\n<p><a href=\"https:\/\/ebm.si\/zw\/zakonodaja\/sistem-v-sloveniji\/nadzor\/\" class=\"excerpt-read-more\">Preberi ve\u010d<\/a><\/p>\n","protected":false},"author":3,"featured_media":0,"parent":462,"menu_order":8,"comment_status":"closed","ping_status":"closed","template":"","meta":{"footnotes":""},"class_list":["post-542","page","type-page","status-publish","hentry"],"yoast_head":"<!-- This site is optimized with the Yoast SEO plugin v23.1 - https:\/\/yoast.com\/wordpress\/plugins\/seo\/ -->\n<title>Nadzor - Zero Waste Zakonodaja<\/title>\n<meta name=\"robots\" content=\"index, follow, max-snippet:-1, max-image-preview:large, max-video-preview:-1\" \/>\n<link rel=\"canonical\" href=\"https:\/\/ebm.si\/zw\/zakonodaja\/sistem-v-sloveniji\/nadzor\/\" \/>\n<meta property=\"og:locale\" content=\"sl_SI\" \/>\n<meta property=\"og:type\" content=\"article\" \/>\n<meta property=\"og:title\" content=\"Nadzor - Zero Waste Zakonodaja\" \/>\n<meta property=\"og:description\" content=\"Nadzor nad izvajanjem zakonodaje na podro\u010dju ravnanja z odpadki izvaja ve\u010dinoma in\u0161pektorat za okolje, v nekaterih primerih tudi tr\u017eni in\u0161pektorat, pri odpadnih zdravilih pa farmacevtski nadzorniki organa, pristojnega za zdravila ali uradni veterinarji. Pristojnost ob\u010dinskih in medob\u010dinskih in\u0161pektorjev na podro\u010dju varstva okolja je nezakonito odlaganje odpadkov. Kot upravni organ lahko odredijo odstranitev tako odlo\u017eenih odpadkov,... Preberi ve\u010d\" \/>\n<meta property=\"og:url\" content=\"https:\/\/ebm.si\/zw\/zakonodaja\/sistem-v-sloveniji\/nadzor\/\" \/>\n<meta property=\"og:site_name\" content=\"Zero Waste Zakonodaja\" \/>\n<meta property=\"article:modified_time\" content=\"2016-07-02T07:19:35+00:00\" \/>\n<meta property=\"og:image\" content=\"http:\/\/ebm.si\/zw\/zakonodaja\/wp-content\/uploads\/sites\/4\/2013\/12\/ebm-plan-b-ess-1024x238.png\" \/>\n<meta name=\"twitter:card\" content=\"summary_large_image\" \/>\n<script type=\"application\/ld+json\" class=\"yoast-schema-graph\">{\"@context\":\"https:\/\/schema.org\",\"@graph\":[{\"@type\":\"WebPage\",\"@id\":\"https:\/\/ebm.si\/zw\/zakonodaja\/sistem-v-sloveniji\/nadzor\/\",\"url\":\"https:\/\/ebm.si\/zw\/zakonodaja\/sistem-v-sloveniji\/nadzor\/\",\"name\":\"Nadzor - Zero Waste Zakonodaja\",\"isPartOf\":{\"@id\":\"https:\/\/ebm.si\/zw\/zakonodaja\/#website\"},\"primaryImageOfPage\":{\"@id\":\"https:\/\/ebm.si\/zw\/zakonodaja\/sistem-v-sloveniji\/nadzor\/#primaryimage\"},\"image\":{\"@id\":\"https:\/\/ebm.si\/zw\/zakonodaja\/sistem-v-sloveniji\/nadzor\/#primaryimage\"},\"thumbnailUrl\":\"http:\/\/ebm.si\/zw\/zakonodaja\/wp-content\/uploads\/sites\/4\/2013\/12\/ebm-plan-b-ess-1024x238.png\",\"datePublished\":\"2013-12-14T16:20:15+00:00\",\"dateModified\":\"2016-07-02T07:19:35+00:00\",\"breadcrumb\":{\"@id\":\"https:\/\/ebm.si\/zw\/zakonodaja\/sistem-v-sloveniji\/nadzor\/#breadcrumb\"},\"inLanguage\":\"sl-SI\",\"potentialAction\":[{\"@type\":\"ReadAction\",\"target\":[\"https:\/\/ebm.si\/zw\/zakonodaja\/sistem-v-sloveniji\/nadzor\/\"]}]},{\"@type\":\"ImageObject\",\"inLanguage\":\"sl-SI\",\"@id\":\"https:\/\/ebm.si\/zw\/zakonodaja\/sistem-v-sloveniji\/nadzor\/#primaryimage\",\"url\":\"https:\/\/ebm.si\/zw\/zakonodaja\/wp-content\/uploads\/sites\/4\/2013\/12\/ebm-plan-b-ess.png\",\"contentUrl\":\"https:\/\/ebm.si\/zw\/zakonodaja\/wp-content\/uploads\/sites\/4\/2013\/12\/ebm-plan-b-ess.png\",\"width\":2688,\"height\":624},{\"@type\":\"BreadcrumbList\",\"@id\":\"https:\/\/ebm.si\/zw\/zakonodaja\/sistem-v-sloveniji\/nadzor\/#breadcrumb\",\"itemListElement\":[{\"@type\":\"ListItem\",\"position\":1,\"name\":\"Home\",\"item\":\"https:\/\/ebm.si\/zw\/zakonodaja\/\"},{\"@type\":\"ListItem\",\"position\":2,\"name\":\"Na\u0161 sistem\",\"item\":\"https:\/\/ebm.si\/zw\/zakonodaja\/sistem-v-sloveniji\/\"},{\"@type\":\"ListItem\",\"position\":3,\"name\":\"Nadzor\"}]},{\"@type\":\"WebSite\",\"@id\":\"https:\/\/ebm.si\/zw\/zakonodaja\/#website\",\"url\":\"https:\/\/ebm.si\/zw\/zakonodaja\/\",\"name\":\"Zero Waste Zakonodaja\",\"description\":\"Just another Zero Waste Slovenija site\",\"potentialAction\":[{\"@type\":\"SearchAction\",\"target\":{\"@type\":\"EntryPoint\",\"urlTemplate\":\"https:\/\/ebm.si\/zw\/zakonodaja\/?s={search_term_string}\"},\"query-input\":\"required name=search_term_string\"}],\"inLanguage\":\"sl-SI\"}]}<\/script>\n<!-- \/ Yoast SEO plugin. -->","yoast_head_json":{"title":"Nadzor - Zero Waste Zakonodaja","robots":{"index":"index","follow":"follow","max-snippet":"max-snippet:-1","max-image-preview":"max-image-preview:large","max-video-preview":"max-video-preview:-1"},"canonical":"https:\/\/ebm.si\/zw\/zakonodaja\/sistem-v-sloveniji\/nadzor\/","og_locale":"sl_SI","og_type":"article","og_title":"Nadzor - Zero Waste Zakonodaja","og_description":"Nadzor nad izvajanjem zakonodaje na podro\u010dju ravnanja z odpadki izvaja ve\u010dinoma in\u0161pektorat za okolje, v nekaterih primerih tudi tr\u017eni in\u0161pektorat, pri odpadnih zdravilih pa farmacevtski nadzorniki organa, pristojnega za zdravila ali uradni veterinarji. Pristojnost ob\u010dinskih in medob\u010dinskih in\u0161pektorjev na podro\u010dju varstva okolja je nezakonito odlaganje odpadkov. Kot upravni organ lahko odredijo odstranitev tako odlo\u017eenih odpadkov,... Preberi ve\u010d","og_url":"https:\/\/ebm.si\/zw\/zakonodaja\/sistem-v-sloveniji\/nadzor\/","og_site_name":"Zero Waste Zakonodaja","article_modified_time":"2016-07-02T07:19:35+00:00","og_image":[{"url":"http:\/\/ebm.si\/zw\/zakonodaja\/wp-content\/uploads\/sites\/4\/2013\/12\/ebm-plan-b-ess-1024x238.png"}],"twitter_card":"summary_large_image","schema":{"@context":"https:\/\/schema.org","@graph":[{"@type":"WebPage","@id":"https:\/\/ebm.si\/zw\/zakonodaja\/sistem-v-sloveniji\/nadzor\/","url":"https:\/\/ebm.si\/zw\/zakonodaja\/sistem-v-sloveniji\/nadzor\/","name":"Nadzor - Zero Waste Zakonodaja","isPartOf":{"@id":"https:\/\/ebm.si\/zw\/zakonodaja\/#website"},"primaryImageOfPage":{"@id":"https:\/\/ebm.si\/zw\/zakonodaja\/sistem-v-sloveniji\/nadzor\/#primaryimage"},"image":{"@id":"https:\/\/ebm.si\/zw\/zakonodaja\/sistem-v-sloveniji\/nadzor\/#primaryimage"},"thumbnailUrl":"http:\/\/ebm.si\/zw\/zakonodaja\/wp-content\/uploads\/sites\/4\/2013\/12\/ebm-plan-b-ess-1024x238.png","datePublished":"2013-12-14T16:20:15+00:00","dateModified":"2016-07-02T07:19:35+00:00","breadcrumb":{"@id":"https:\/\/ebm.si\/zw\/zakonodaja\/sistem-v-sloveniji\/nadzor\/#breadcrumb"},"inLanguage":"sl-SI","potentialAction":[{"@type":"ReadAction","target":["https:\/\/ebm.si\/zw\/zakonodaja\/sistem-v-sloveniji\/nadzor\/"]}]},{"@type":"ImageObject","inLanguage":"sl-SI","@id":"https:\/\/ebm.si\/zw\/zakonodaja\/sistem-v-sloveniji\/nadzor\/#primaryimage","url":"https:\/\/ebm.si\/zw\/zakonodaja\/wp-content\/uploads\/sites\/4\/2013\/12\/ebm-plan-b-ess.png","contentUrl":"https:\/\/ebm.si\/zw\/zakonodaja\/wp-content\/uploads\/sites\/4\/2013\/12\/ebm-plan-b-ess.png","width":2688,"height":624},{"@type":"BreadcrumbList","@id":"https:\/\/ebm.si\/zw\/zakonodaja\/sistem-v-sloveniji\/nadzor\/#breadcrumb","itemListElement":[{"@type":"ListItem","position":1,"name":"Home","item":"https:\/\/ebm.si\/zw\/zakonodaja\/"},{"@type":"ListItem","position":2,"name":"Na\u0161 sistem","item":"https:\/\/ebm.si\/zw\/zakonodaja\/sistem-v-sloveniji\/"},{"@type":"ListItem","position":3,"name":"Nadzor"}]},{"@type":"WebSite","@id":"https:\/\/ebm.si\/zw\/zakonodaja\/#website","url":"https:\/\/ebm.si\/zw\/zakonodaja\/","name":"Zero Waste Zakonodaja","description":"Just another Zero Waste Slovenija site","potentialAction":[{"@type":"SearchAction","target":{"@type":"EntryPoint","urlTemplate":"https:\/\/ebm.si\/zw\/zakonodaja\/?s={search_term_string}"},"query-input":"required name=search_term_string"}],"inLanguage":"sl-SI"}]}},"_links":{"self":[{"href":"https:\/\/ebm.si\/zw\/zakonodaja\/wp-json\/wp\/v2\/pages\/542"}],"collection":[{"href":"https:\/\/ebm.si\/zw\/zakonodaja\/wp-json\/wp\/v2\/pages"}],"about":[{"href":"https:\/\/ebm.si\/zw\/zakonodaja\/wp-json\/wp\/v2\/types\/page"}],"author":[{"embeddable":true,"href":"https:\/\/ebm.si\/zw\/zakonodaja\/wp-json\/wp\/v2\/users\/3"}],"replies":[{"embeddable":true,"href":"https:\/\/ebm.si\/zw\/zakonodaja\/wp-json\/wp\/v2\/comments?post=542"}],"version-history":[{"count":2,"href":"https:\/\/ebm.si\/zw\/zakonodaja\/wp-json\/wp\/v2\/pages\/542\/revisions"}],"predecessor-version":[{"id":2528,"href":"https:\/\/ebm.si\/zw\/zakonodaja\/wp-json\/wp\/v2\/pages\/542\/revisions\/2528"}],"up":[{"embeddable":true,"href":"https:\/\/ebm.si\/zw\/zakonodaja\/wp-json\/wp\/v2\/pages\/462"}],"wp:attachment":[{"href":"https:\/\/ebm.si\/zw\/zakonodaja\/wp-json\/wp\/v2\/media?parent=542"}],"curies":[{"name":"wp","href":"https:\/\/api.w.org\/{rel}","templated":true}]}}