{"id":92,"date":"2013-12-02T09:47:14","date_gmt":"2013-12-02T08:47:14","guid":{"rendered":"http:\/\/ebm.si\/zw\/?page_id=92"},"modified":"2016-06-19T10:32:05","modified_gmt":"2016-06-19T10:32:05","slug":"podaljsana-odgovornost-proizvajalca","status":"publish","type":"page","link":"https:\/\/ebm.si\/zw\/zakonodaja\/zakonodaja-eu\/direktive-odgovornost-proizvajalca\/podaljsana-odgovornost-proizvajalca\/","title":{"rendered":"Podalj\u0161ana odgovornost"},"content":{"rendered":"<p>NA\u010cELO PODALJ\u0160ANE ODGOVORNOSTI PROIZVAJALCA<\/p>\n<p>Eno na\u010del, na kateri gradi zakonodaja EU, je podalj\u0161ana odgovornost proizvajalca (Extended Producer Responsibility). Koncept podalj\u0161ane odgovornosti proizvajalca je leta 1990 definiral \u0160ved Thomas Lindhqvist. Gre za pristop okoljske politike, pri kateri se odgovornost proizvajalca podalj\u0161a na del \u017eivljenjskega cikla izdelka tudi po njegovi uporabi. Za tak\u0161no politiko je zna\u010dilno, da (1) se odgovornost (administrativna, fizi\u010dna, finan\u010dna) od lokalne skupnosti prenese po verigi nazaj do proizvajalca in (2) proizvajalce spodbuja, da \u017ee pri oblikovanju izdelkov upo\u0161tevajo okoljske vplive.<\/p>\n<p>Namen na\u010dela podalj\u0161ane odgovornosti proizvajalca je zni\u017eanje okoljskih vplivov izdelkov preko celotnega \u017eivljenjskega cikla \u2013 od proizvodnje do odstranjevanja. V EU je uporaba na\u010dela obvezna pri ravnanju z odpadno elektri\u010dno in elektronsko opremo, baterijami in akumulatorji, izrabljenimi vozili in za te odpadkovne tokove morajo proizvajalci organizirati in financirati lo\u010deno zbiranje, recikliranje in odstranjevanje. Direktiva o embala\u017ei\u00a0 na\u010delo podalj\u0161ane odgovornosti uvaja posredno z zahtevo, da dr\u017eave \u010dlanice vzpostavijo sistem lo\u010denega zbiranja in recikliranja odpadne embala\u017ee. Potem, ko je Nem\u010dija leta 1991 sprejela Uredbo o zmanj\u0161evanju koli\u010din odpadne embala\u017ee, je z njihovega trga izginilo 90 % sekundarne odpadne embala\u017ee.<\/p>\n<p>V razli\u010dnih dr\u017eavah EU na osnovi na\u010dela urejajo tudi ravnanje z odpadnimi gumami, odpadnimi olji, papirjem in kartonom, gradbenimi odpadki. V Sloveniji poleg odpadnih gum \u0161e odpadne nagrobne sve\u010de in odpadna zdravila.<\/p>\n<p>V nekaterih dr\u017eavah so proizvajalci prostovoljno organizirali sisteme na osnovi podalj\u0161ane odgovornosti proizvajalca za dodatne odpadkovne tokove: plastika iz kmetijstva, medicinski odpadki, plasti\u010dne vre\u010dke, kemikalije, \u010dasopisi, hladilne teko\u010dine, pesticidi in herbicidi, svetilke ter \u017earnice.<\/p>\n<p><a href=\"http:\/\/ebm.si\/zw\/zakonodaja\/wp-content\/uploads\/sites\/4\/2013\/12\/ebm-plan-b-ess.png\"><img loading=\"lazy\" decoding=\"async\" class=\"alignnone wp-image-708 size-large\" src=\"http:\/\/ebm.si\/zw\/zakonodaja\/wp-content\/uploads\/sites\/4\/2013\/12\/ebm-plan-b-ess-1024x238.png\" alt=\"ebm-plan b-ess\" width=\"960\" height=\"223\" srcset=\"https:\/\/ebm.si\/zw\/zakonodaja\/wp-content\/uploads\/sites\/4\/2013\/12\/ebm-plan-b-ess-1024x238.png 1024w, https:\/\/ebm.si\/zw\/zakonodaja\/wp-content\/uploads\/sites\/4\/2013\/12\/ebm-plan-b-ess-300x70.png 300w, https:\/\/ebm.si\/zw\/zakonodaja\/wp-content\/uploads\/sites\/4\/2013\/12\/ebm-plan-b-ess-768x178.png 768w\" sizes=\"(max-width: 960px) 100vw, 960px\" \/><\/a><\/p>\n","protected":false},"excerpt":{"rendered":"<p>NA\u010cELO PODALJ\u0160ANE ODGOVORNOSTI PROIZVAJALCA Eno na\u010del, na kateri gradi zakonodaja EU, je podalj\u0161ana odgovornost proizvajalca (Extended Producer Responsibility). Koncept podalj\u0161ane odgovornosti proizvajalca je leta 1990 definiral \u0160ved Thomas Lindhqvist. Gre za pristop okoljske politike, pri kateri se odgovornost proizvajalca podalj\u0161a na del \u017eivljenjskega cikla izdelka tudi po njegovi uporabi. Za tak\u0161no politiko je zna\u010dilno, da&#8230; <\/p>\n<div class=\"clear\"><\/div>\n<p><a href=\"https:\/\/ebm.si\/zw\/zakonodaja\/zakonodaja-eu\/direktive-odgovornost-proizvajalca\/podaljsana-odgovornost-proizvajalca\/\" class=\"excerpt-read-more\">Preberi ve\u010d<\/a><\/p>\n","protected":false},"author":3,"featured_media":0,"parent":90,"menu_order":1,"comment_status":"closed","ping_status":"closed","template":"","meta":{"footnotes":""},"class_list":["post-92","page","type-page","status-publish","hentry"],"yoast_head":"<!-- This site is optimized with the Yoast SEO plugin v23.1 - https:\/\/yoast.com\/wordpress\/plugins\/seo\/ -->\n<title>Podalj\u0161ana odgovornost - Zero Waste Zakonodaja<\/title>\n<meta name=\"robots\" content=\"index, follow, max-snippet:-1, max-image-preview:large, max-video-preview:-1\" \/>\n<link rel=\"canonical\" href=\"https:\/\/ebm.si\/zw\/zakonodaja\/zakonodaja-eu\/direktive-odgovornost-proizvajalca\/podaljsana-odgovornost-proizvajalca\/\" \/>\n<meta property=\"og:locale\" content=\"sl_SI\" \/>\n<meta property=\"og:type\" content=\"article\" \/>\n<meta property=\"og:title\" content=\"Podalj\u0161ana odgovornost - Zero Waste Zakonodaja\" \/>\n<meta property=\"og:description\" content=\"NA\u010cELO PODALJ\u0160ANE ODGOVORNOSTI PROIZVAJALCA Eno na\u010del, na kateri gradi zakonodaja EU, je podalj\u0161ana odgovornost proizvajalca (Extended Producer Responsibility). Koncept podalj\u0161ane odgovornosti proizvajalca je leta 1990 definiral \u0160ved Thomas Lindhqvist. Gre za pristop okoljske politike, pri kateri se odgovornost proizvajalca podalj\u0161a na del \u017eivljenjskega cikla izdelka tudi po njegovi uporabi. Za tak\u0161no politiko je zna\u010dilno, da... Preberi ve\u010d\" \/>\n<meta property=\"og:url\" content=\"https:\/\/ebm.si\/zw\/zakonodaja\/zakonodaja-eu\/direktive-odgovornost-proizvajalca\/podaljsana-odgovornost-proizvajalca\/\" \/>\n<meta property=\"og:site_name\" content=\"Zero Waste Zakonodaja\" \/>\n<meta property=\"article:modified_time\" content=\"2016-06-19T10:32:05+00:00\" \/>\n<meta property=\"og:image\" content=\"http:\/\/ebm.si\/zw\/zakonodaja\/wp-content\/uploads\/sites\/4\/2013\/12\/ebm-plan-b-ess-1024x238.png\" \/>\n<meta name=\"twitter:card\" content=\"summary_large_image\" \/>\n<meta name=\"twitter:label1\" content=\"Est. reading time\" \/>\n\t<meta name=\"twitter:data1\" content=\"1 minute\" \/>\n<script type=\"application\/ld+json\" class=\"yoast-schema-graph\">{\"@context\":\"https:\/\/schema.org\",\"@graph\":[{\"@type\":\"WebPage\",\"@id\":\"https:\/\/ebm.si\/zw\/zakonodaja\/zakonodaja-eu\/direktive-odgovornost-proizvajalca\/podaljsana-odgovornost-proizvajalca\/\",\"url\":\"https:\/\/ebm.si\/zw\/zakonodaja\/zakonodaja-eu\/direktive-odgovornost-proizvajalca\/podaljsana-odgovornost-proizvajalca\/\",\"name\":\"Podalj\u0161ana odgovornost - Zero Waste Zakonodaja\",\"isPartOf\":{\"@id\":\"https:\/\/ebm.si\/zw\/zakonodaja\/#website\"},\"primaryImageOfPage\":{\"@id\":\"https:\/\/ebm.si\/zw\/zakonodaja\/zakonodaja-eu\/direktive-odgovornost-proizvajalca\/podaljsana-odgovornost-proizvajalca\/#primaryimage\"},\"image\":{\"@id\":\"https:\/\/ebm.si\/zw\/zakonodaja\/zakonodaja-eu\/direktive-odgovornost-proizvajalca\/podaljsana-odgovornost-proizvajalca\/#primaryimage\"},\"thumbnailUrl\":\"http:\/\/ebm.si\/zw\/zakonodaja\/wp-content\/uploads\/sites\/4\/2013\/12\/ebm-plan-b-ess-1024x238.png\",\"datePublished\":\"2013-12-02T08:47:14+00:00\",\"dateModified\":\"2016-06-19T10:32:05+00:00\",\"breadcrumb\":{\"@id\":\"https:\/\/ebm.si\/zw\/zakonodaja\/zakonodaja-eu\/direktive-odgovornost-proizvajalca\/podaljsana-odgovornost-proizvajalca\/#breadcrumb\"},\"inLanguage\":\"sl-SI\",\"potentialAction\":[{\"@type\":\"ReadAction\",\"target\":[\"https:\/\/ebm.si\/zw\/zakonodaja\/zakonodaja-eu\/direktive-odgovornost-proizvajalca\/podaljsana-odgovornost-proizvajalca\/\"]}]},{\"@type\":\"ImageObject\",\"inLanguage\":\"sl-SI\",\"@id\":\"https:\/\/ebm.si\/zw\/zakonodaja\/zakonodaja-eu\/direktive-odgovornost-proizvajalca\/podaljsana-odgovornost-proizvajalca\/#primaryimage\",\"url\":\"https:\/\/ebm.si\/zw\/zakonodaja\/wp-content\/uploads\/sites\/4\/2013\/12\/ebm-plan-b-ess.png\",\"contentUrl\":\"https:\/\/ebm.si\/zw\/zakonodaja\/wp-content\/uploads\/sites\/4\/2013\/12\/ebm-plan-b-ess.png\",\"width\":2688,\"height\":624},{\"@type\":\"BreadcrumbList\",\"@id\":\"https:\/\/ebm.si\/zw\/zakonodaja\/zakonodaja-eu\/direktive-odgovornost-proizvajalca\/podaljsana-odgovornost-proizvajalca\/#breadcrumb\",\"itemListElement\":[{\"@type\":\"ListItem\",\"position\":1,\"name\":\"Home\",\"item\":\"https:\/\/ebm.si\/zw\/zakonodaja\/\"},{\"@type\":\"ListItem\",\"position\":2,\"name\":\"Zakonodaja EU\",\"item\":\"https:\/\/ebm.si\/zw\/zakonodaja\/zakonodaja-eu\/\"},{\"@type\":\"ListItem\",\"position\":3,\"name\":\"Odgovornost proizvajalca\",\"item\":\"https:\/\/ebm.si\/zw\/zakonodaja\/zakonodaja-eu\/direktive-odgovornost-proizvajalca\/\"},{\"@type\":\"ListItem\",\"position\":4,\"name\":\"Podalj\u0161ana odgovornost\"}]},{\"@type\":\"WebSite\",\"@id\":\"https:\/\/ebm.si\/zw\/zakonodaja\/#website\",\"url\":\"https:\/\/ebm.si\/zw\/zakonodaja\/\",\"name\":\"Zero Waste Zakonodaja\",\"description\":\"Just another Zero Waste Slovenija site\",\"potentialAction\":[{\"@type\":\"SearchAction\",\"target\":{\"@type\":\"EntryPoint\",\"urlTemplate\":\"https:\/\/ebm.si\/zw\/zakonodaja\/?s={search_term_string}\"},\"query-input\":\"required name=search_term_string\"}],\"inLanguage\":\"sl-SI\"}]}<\/script>\n<!-- \/ Yoast SEO plugin. -->","yoast_head_json":{"title":"Podalj\u0161ana odgovornost - Zero Waste Zakonodaja","robots":{"index":"index","follow":"follow","max-snippet":"max-snippet:-1","max-image-preview":"max-image-preview:large","max-video-preview":"max-video-preview:-1"},"canonical":"https:\/\/ebm.si\/zw\/zakonodaja\/zakonodaja-eu\/direktive-odgovornost-proizvajalca\/podaljsana-odgovornost-proizvajalca\/","og_locale":"sl_SI","og_type":"article","og_title":"Podalj\u0161ana odgovornost - Zero Waste Zakonodaja","og_description":"NA\u010cELO PODALJ\u0160ANE ODGOVORNOSTI PROIZVAJALCA Eno na\u010del, na kateri gradi zakonodaja EU, je podalj\u0161ana odgovornost proizvajalca (Extended Producer Responsibility). Koncept podalj\u0161ane odgovornosti proizvajalca je leta 1990 definiral \u0160ved Thomas Lindhqvist. Gre za pristop okoljske politike, pri kateri se odgovornost proizvajalca podalj\u0161a na del \u017eivljenjskega cikla izdelka tudi po njegovi uporabi. Za tak\u0161no politiko je zna\u010dilno, da... Preberi ve\u010d","og_url":"https:\/\/ebm.si\/zw\/zakonodaja\/zakonodaja-eu\/direktive-odgovornost-proizvajalca\/podaljsana-odgovornost-proizvajalca\/","og_site_name":"Zero Waste Zakonodaja","article_modified_time":"2016-06-19T10:32:05+00:00","og_image":[{"url":"http:\/\/ebm.si\/zw\/zakonodaja\/wp-content\/uploads\/sites\/4\/2013\/12\/ebm-plan-b-ess-1024x238.png"}],"twitter_card":"summary_large_image","twitter_misc":{"Est. reading time":"1 minute"},"schema":{"@context":"https:\/\/schema.org","@graph":[{"@type":"WebPage","@id":"https:\/\/ebm.si\/zw\/zakonodaja\/zakonodaja-eu\/direktive-odgovornost-proizvajalca\/podaljsana-odgovornost-proizvajalca\/","url":"https:\/\/ebm.si\/zw\/zakonodaja\/zakonodaja-eu\/direktive-odgovornost-proizvajalca\/podaljsana-odgovornost-proizvajalca\/","name":"Podalj\u0161ana odgovornost - Zero Waste Zakonodaja","isPartOf":{"@id":"https:\/\/ebm.si\/zw\/zakonodaja\/#website"},"primaryImageOfPage":{"@id":"https:\/\/ebm.si\/zw\/zakonodaja\/zakonodaja-eu\/direktive-odgovornost-proizvajalca\/podaljsana-odgovornost-proizvajalca\/#primaryimage"},"image":{"@id":"https:\/\/ebm.si\/zw\/zakonodaja\/zakonodaja-eu\/direktive-odgovornost-proizvajalca\/podaljsana-odgovornost-proizvajalca\/#primaryimage"},"thumbnailUrl":"http:\/\/ebm.si\/zw\/zakonodaja\/wp-content\/uploads\/sites\/4\/2013\/12\/ebm-plan-b-ess-1024x238.png","datePublished":"2013-12-02T08:47:14+00:00","dateModified":"2016-06-19T10:32:05+00:00","breadcrumb":{"@id":"https:\/\/ebm.si\/zw\/zakonodaja\/zakonodaja-eu\/direktive-odgovornost-proizvajalca\/podaljsana-odgovornost-proizvajalca\/#breadcrumb"},"inLanguage":"sl-SI","potentialAction":[{"@type":"ReadAction","target":["https:\/\/ebm.si\/zw\/zakonodaja\/zakonodaja-eu\/direktive-odgovornost-proizvajalca\/podaljsana-odgovornost-proizvajalca\/"]}]},{"@type":"ImageObject","inLanguage":"sl-SI","@id":"https:\/\/ebm.si\/zw\/zakonodaja\/zakonodaja-eu\/direktive-odgovornost-proizvajalca\/podaljsana-odgovornost-proizvajalca\/#primaryimage","url":"https:\/\/ebm.si\/zw\/zakonodaja\/wp-content\/uploads\/sites\/4\/2013\/12\/ebm-plan-b-ess.png","contentUrl":"https:\/\/ebm.si\/zw\/zakonodaja\/wp-content\/uploads\/sites\/4\/2013\/12\/ebm-plan-b-ess.png","width":2688,"height":624},{"@type":"BreadcrumbList","@id":"https:\/\/ebm.si\/zw\/zakonodaja\/zakonodaja-eu\/direktive-odgovornost-proizvajalca\/podaljsana-odgovornost-proizvajalca\/#breadcrumb","itemListElement":[{"@type":"ListItem","position":1,"name":"Home","item":"https:\/\/ebm.si\/zw\/zakonodaja\/"},{"@type":"ListItem","position":2,"name":"Zakonodaja EU","item":"https:\/\/ebm.si\/zw\/zakonodaja\/zakonodaja-eu\/"},{"@type":"ListItem","position":3,"name":"Odgovornost proizvajalca","item":"https:\/\/ebm.si\/zw\/zakonodaja\/zakonodaja-eu\/direktive-odgovornost-proizvajalca\/"},{"@type":"ListItem","position":4,"name":"Podalj\u0161ana odgovornost"}]},{"@type":"WebSite","@id":"https:\/\/ebm.si\/zw\/zakonodaja\/#website","url":"https:\/\/ebm.si\/zw\/zakonodaja\/","name":"Zero Waste Zakonodaja","description":"Just another Zero Waste Slovenija site","potentialAction":[{"@type":"SearchAction","target":{"@type":"EntryPoint","urlTemplate":"https:\/\/ebm.si\/zw\/zakonodaja\/?s={search_term_string}"},"query-input":"required name=search_term_string"}],"inLanguage":"sl-SI"}]}},"_links":{"self":[{"href":"https:\/\/ebm.si\/zw\/zakonodaja\/wp-json\/wp\/v2\/pages\/92"}],"collection":[{"href":"https:\/\/ebm.si\/zw\/zakonodaja\/wp-json\/wp\/v2\/pages"}],"about":[{"href":"https:\/\/ebm.si\/zw\/zakonodaja\/wp-json\/wp\/v2\/types\/page"}],"author":[{"embeddable":true,"href":"https:\/\/ebm.si\/zw\/zakonodaja\/wp-json\/wp\/v2\/users\/3"}],"replies":[{"embeddable":true,"href":"https:\/\/ebm.si\/zw\/zakonodaja\/wp-json\/wp\/v2\/comments?post=92"}],"version-history":[{"count":2,"href":"https:\/\/ebm.si\/zw\/zakonodaja\/wp-json\/wp\/v2\/pages\/92\/revisions"}],"predecessor-version":[{"id":2219,"href":"https:\/\/ebm.si\/zw\/zakonodaja\/wp-json\/wp\/v2\/pages\/92\/revisions\/2219"}],"up":[{"embeddable":true,"href":"https:\/\/ebm.si\/zw\/zakonodaja\/wp-json\/wp\/v2\/pages\/90"}],"wp:attachment":[{"href":"https:\/\/ebm.si\/zw\/zakonodaja\/wp-json\/wp\/v2\/media?parent=92"}],"curies":[{"name":"wp","href":"https:\/\/api.w.org\/{rel}","templated":true}]}}